{"id":101,"date":"2018-03-25T22:41:14","date_gmt":"2018-03-26T02:41:14","guid":{"rendered":"https:\/\/gpsites.co\/seller\/?page_id=101"},"modified":"2020-05-25T12:49:19","modified_gmt":"2020-05-25T12:49:19","slug":"contact","status":"publish","type":"page","link":"https:\/\/www.wundersee-sprachen.de\/en\/contact\/","title":{"rendered":"Reach out and say hello."},"content":{"rendered":"\n<div class=\"gb-container gb-container-4fda4fc8\"><div class=\"gb-inside-container\">\n<div class=\"gb-grid-wrapper gb-grid-wrapper-64f61f10\">\n<div class=\"gb-grid-column gb-grid-column-4fe3f21a\"><div class=\"gb-container gb-container-4fe3f21a\"><div class=\"gb-inside-container\">\n<div class=\"gb-headline-wrapper gb-headline-wrapper-73773555\"><span class=\"gb-icon\"><svg version=\"1.1\" id=\"Capa_1\" xmlns=\"http:\/\/www.w3.org\/2000\/svg\" xmlns:xlink=\"http:\/\/www.w3.org\/1999\/xlink\" x=\"0px\" y=\"0px\" viewBox=\"0 0 60 4.688\" style=\"enable-background:new 0 0 60 4.688;\" xml:space=\"preserve\"> <g> \t<g> \t\t<path d=\"M57.656,0H2.344C1.049,0,0,1.049,0,2.344c0,1.294,1.049,2.344,2.344,2.344h55.312C58.951,4.688,60,3.638,60,2.344 \t\t\tS58.951,0,57.656,0z\"><\/path> \t<\/g> <\/g> <\/svg><\/span><h2 class=\"gb-headline gb-headline-73773555\">We would love to hear from you<\/h2><\/div>\n\n\n\n<p>Vivamus integer suscipit taciti etiam at primis tempor sagittis euismod libero facilisi aptent elementum blandit cursus gravida sociis eleifend lectus nullam dapibus nultricies proin etus erat ante feugiat curae curabitur aliquam.<\/p>\n\n\n\n<div class=\"gb-grid-wrapper gb-grid-wrapper-7db396cb\">\n<div class=\"gb-grid-column gb-grid-column-ef954d3e\"><div class=\"gb-container gb-container-ef954d3e\"><div class=\"gb-inside-container\">\n<div class=\"gb-headline-wrapper gb-headline-wrapper-8b41f8b0\"><span class=\"gb-icon\"><svg aria-hidden=\"true\" height=\"1em\" width=\"1em\" viewBox=\"0 0 496 512\" xmlns=\"http:\/\/www.w3.org\/2000\/svg\"><path fill=\"currentColor\" d=\"M248 8C111 8 0 119 0 256s111 248 248 248 248-111 248-248S385 8 248 8zm0 96c48.6 0 88 39.4 88 88s-39.4 88-88 88-88-39.4-88-88 39.4-88 88-88zm0 344c-58.7 0-111.3-26.6-146.5-68.2 18.8-35.4 55.6-59.8 98.5-59.8 2.4 0 4.8.4 7.1 1.1 13 4.2 26.6 6.9 40.9 6.9 14.3 0 28-2.7 40.9-6.9 2.3-.7 4.7-1.1 7.1-1.1 42.9 0 79.7 24.4 98.5 59.8C359.3 421.4 306.7 448 248 448z\"><\/path><\/svg><\/span><p class=\"gb-headline gb-headline-8b41f8b0\">Contact<\/p><\/div>\n\n\n\n<p>+1 000 000 0000<br>hello [at} dev.com<\/p>\n<\/div><\/div><\/div>\n\n\n\n<div class=\"gb-grid-column gb-grid-column-fdec4532\"><div class=\"gb-container gb-container-fdec4532\"><div class=\"gb-inside-container\">\n<div class=\"gb-headline-wrapper gb-headline-wrapper-6f3ff248\"><span class=\"gb-icon\"><svg aria-hidden=\"true\" height=\"1em\" width=\"1em\" viewBox=\"0 0 384 512\" xmlns=\"http:\/\/www.w3.org\/2000\/svg\"><path fill=\"currentColor\" d=\"M172.268 501.67C26.97 291.031 0 269.413 0 192 0 85.961 85.961 0 192 0s192 85.961 192 192c0 77.413-26.97 99.031-172.268 309.67-9.535 13.774-29.93 13.773-39.464 0zM192 272c44.183 0 80-35.817 80-80s-35.817-80-80-80-80 35.817-80 80 35.817 80 80 80z\"><\/path><\/svg><\/span><p class=\"gb-headline gb-headline-6f3ff248\">Main Office<\/p><\/div>\n\n\n\n<p>54122 Dev Drive<br>New York, NY 10060<\/p>\n<\/div><\/div><\/div>\n<\/div>\n<\/div><\/div><\/div>\n\n\n\n<div class=\"gb-grid-column gb-grid-column-f49b8f2a\"><div class=\"gb-container gb-container-f49b8f2a\"><div class=\"gb-inside-container\">\n<div class=\"wp-block-image\"><figure class=\"aligncenter size-large is-resized\"><img decoding=\"async\" src=\"https:\/\/www.wundersee-sprachen.de\/wp-content\/uploads\/2020\/05\/undraw_welcoming_xvuq.svg\" alt=\"\" class=\"wp-image-2106\" width=\"700\"\/><\/figure><\/div>\n<\/div><\/div><\/div>\n<\/div>\n<\/div><\/div>\n\n\n\n<div class=\"gb-container gb-container-7117152d\"><div class=\"gb-inside-container\">\n<div class=\"gb-headline-wrapper gb-headline-wrapper-1d6f24c3\"><span class=\"gb-icon\"><svg version=\"1.1\" id=\"Capa_1\" xmlns=\"http:\/\/www.w3.org\/2000\/svg\" xmlns:xlink=\"http:\/\/www.w3.org\/1999\/xlink\" x=\"0px\" y=\"0px\" viewBox=\"0 0 60 4.688\" style=\"enable-background:new 0 0 60 4.688;\" xml:space=\"preserve\"> <g> \t<g> \t\t<path d=\"M57.656,0H2.344C1.049,0,0,1.049,0,2.344c0,1.294,1.049,2.344,2.344,2.344h55.312C58.951,4.688,60,3.638,60,2.344 \t\t\tS58.951,0,57.656,0z\"><\/path> \t<\/g> <\/g> <\/svg><\/span><h3 class=\"gb-headline gb-headline-1d6f24c3\">Send us a message and we will get right back to you<\/h3><\/div>\n\n\n\n<p class=\"has-text-align-center\">[ your favorite contact form plugin ]<\/p>\n<\/div><\/div>\n","protected":false},"excerpt":{"rendered":"","protected":false},"author":8,"featured_media":0,"parent":0,"menu_order":0,"comment_status":"closed","ping_status":"closed","template":"","meta":{"_uag_custom_page_level_css":"","footnotes":""},"class_list":["post-101","page","type-page","status-publish"],"translation":{"provider":"WPGlobus","version":"3.0.2","language":"en","enabled_languages":["de","en"],"languages":{"de":{"title":true,"content":true,"excerpt":false},"en":{"title":false,"content":false,"excerpt":false}}},"yoast_head":"<!-- This site is optimized with the Yoast SEO plugin v26.8 - https:\/\/yoast.com\/product\/yoast-seo-wordpress\/ -->\n<title>Reach out and say hello. - Wundersee Sprachen: Sprachkurse und \u00dcbersetzungen<\/title>\n<meta name=\"robots\" content=\"index, follow, max-snippet:-1, max-image-preview:large, max-video-preview:-1\" \/>\n<link rel=\"canonical\" href=\"https:\/\/www.wundersee-sprachen.de\/contact\/\" \/>\n<meta property=\"og:locale\" content=\"en_US\" \/>\n<meta property=\"og:type\" content=\"article\" \/>\n<meta property=\"og:title\" content=\"Reach out and say hello. - Wundersee Sprachen: Sprachkurse und \u00dcbersetzungen\" \/>\n<meta property=\"og:url\" content=\"https:\/\/www.wundersee-sprachen.de\/contact\/\" \/>\n<meta property=\"og:site_name\" content=\"Wundersee Sprachen: Sprachkurse und \u00dcbersetzungen\" \/>\n<meta property=\"article:publisher\" content=\"https:\/\/www.facebook.com\/elgawish.sprachen\/\" \/>\n<meta property=\"article:modified_time\" content=\"2020-05-25T12:49:19+00:00\" \/>\n<meta property=\"og:image\" content=\"https:\/\/www.wundersee-sprachen.de\/wp-content\/uploads\/2020\/05\/undraw_welcoming_xvuq.svg\" \/>\n<meta name=\"twitter:card\" content=\"summary_large_image\" \/>\n<script type=\"application\/ld+json\" class=\"yoast-schema-graph\">{\"@context\":\"https:\/\/schema.org\",\"@graph\":[{\"@type\":\"WebPage\",\"@id\":\"https:\/\/www.wundersee-sprachen.de\/contact\/\",\"url\":\"https:\/\/www.wundersee-sprachen.de\/contact\/\",\"name\":\"Reach out and say hello. - Wundersee Sprachen: Sprachkurse und \u00dcbersetzungen\",\"isPartOf\":{\"@id\":\"https:\/\/www.wundersee-sprachen.de\/#website\"},\"primaryImageOfPage\":{\"@id\":\"https:\/\/www.wundersee-sprachen.de\/contact\/#primaryimage\"},\"image\":{\"@id\":\"https:\/\/www.wundersee-sprachen.de\/contact\/#primaryimage\"},\"thumbnailUrl\":\"https:\/\/www.wundersee-sprachen.de\/wp-content\/uploads\/2020\/05\/undraw_welcoming_xvuq.svg\",\"datePublished\":\"2018-03-26T02:41:14+00:00\",\"dateModified\":\"2020-05-25T12:49:19+00:00\",\"breadcrumb\":{\"@id\":\"https:\/\/www.wundersee-sprachen.de\/contact\/#breadcrumb\"},\"inLanguage\":\"en-US\",\"potentialAction\":[{\"@type\":\"ReadAction\",\"target\":[\"https:\/\/www.wundersee-sprachen.de\/contact\/\"]}]},{\"@type\":\"ImageObject\",\"inLanguage\":\"en-US\",\"@id\":\"https:\/\/www.wundersee-sprachen.de\/contact\/#primaryimage\",\"url\":\"https:\/\/www.wundersee-sprachen.de\/wp-content\/uploads\/2020\/05\/undraw_welcoming_xvuq.svg\",\"contentUrl\":\"https:\/\/www.wundersee-sprachen.de\/wp-content\/uploads\/2020\/05\/undraw_welcoming_xvuq.svg\"},{\"@type\":\"BreadcrumbList\",\"@id\":\"https:\/\/www.wundersee-sprachen.de\/contact\/#breadcrumb\",\"itemListElement\":[{\"@type\":\"ListItem\",\"position\":1,\"name\":\"Home\",\"item\":\"https:\/\/www.wundersee-sprachen.de\/\"},{\"@type\":\"ListItem\",\"position\":2,\"name\":\"Reach out and say hello.\"}]},{\"@type\":\"WebSite\",\"@id\":\"https:\/\/www.wundersee-sprachen.de\/#website\",\"url\":\"https:\/\/www.wundersee-sprachen.de\/\",\"name\":\"Wundersee Sprachen: Sprachkurse und \u00dcbersetzungen\",\"description\":\"Wir bieten Sprachkurse online und vor Ort in Englisch, Deutsch und Franz\u00f6sisch, sowie professionelle \u00dcbersetzung in und aus fast allen Sprachen, z. B. Englisch, Franz\u00f6sisch, Spanisch, Russisch, Deutsch, Polnisch, Chinesisch... Sagen Sie uns was Sie ben\u00f6tigen, wir k\u00fcmmern uns darum - professionell und zeitnah.\",\"publisher\":{\"@id\":\"https:\/\/www.wundersee-sprachen.de\/#organization\"},\"potentialAction\":[{\"@type\":\"SearchAction\",\"target\":{\"@type\":\"EntryPoint\",\"urlTemplate\":\"https:\/\/www.wundersee-sprachen.de\/?s={search_term_string}\"},\"query-input\":{\"@type\":\"PropertyValueSpecification\",\"valueRequired\":true,\"valueName\":\"search_term_string\"}}],\"inLanguage\":\"en-US\"},{\"@type\":\"Organization\",\"@id\":\"https:\/\/www.wundersee-sprachen.de\/#organization\",\"name\":\"El Gawish Sprachen\",\"url\":\"https:\/\/www.wundersee-sprachen.de\/\",\"logo\":{\"@type\":\"ImageObject\",\"inLanguage\":\"en-US\",\"@id\":\"https:\/\/www.wundersee-sprachen.de\/#\/schema\/logo\/image\/\",\"url\":\"https:\/\/www.wundersee-sprachen.de\/wp-content\/uploads\/2019\/10\/logo.png\",\"contentUrl\":\"https:\/\/www.wundersee-sprachen.de\/wp-content\/uploads\/2019\/10\/logo.png\",\"width\":460,\"height\":170,\"caption\":\"El Gawish Sprachen\"},\"image\":{\"@id\":\"https:\/\/www.wundersee-sprachen.de\/#\/schema\/logo\/image\/\"},\"sameAs\":[\"https:\/\/www.facebook.com\/elgawish.sprachen\/\",\"https:\/\/www.instagram.com\/elgawish.sprachen\/\",\"https:\/\/www.linkedin.com\/in\/hoda-gawish-89a17918\"]}]}<\/script>\n<!-- \/ Yoast SEO plugin. -->","yoast_head_json":{"title":"Reach out and say hello. - Wundersee Sprachen: Sprachkurse und \u00dcbersetzungen","robots":{"index":"index","follow":"follow","max-snippet":"max-snippet:-1","max-image-preview":"max-image-preview:large","max-video-preview":"max-video-preview:-1"},"canonical":"https:\/\/www.wundersee-sprachen.de\/contact\/","og_locale":"en_US","og_type":"article","og_title":"Reach out and say hello. - Wundersee Sprachen: Sprachkurse und \u00dcbersetzungen","og_url":"https:\/\/www.wundersee-sprachen.de\/contact\/","og_site_name":"Wundersee Sprachen: Sprachkurse und \u00dcbersetzungen","article_publisher":"https:\/\/www.facebook.com\/elgawish.sprachen\/","article_modified_time":"2020-05-25T12:49:19+00:00","og_image":[{"url":"https:\/\/www.wundersee-sprachen.de\/wp-content\/uploads\/2020\/05\/undraw_welcoming_xvuq.svg","type":"","width":"","height":""}],"twitter_card":"summary_large_image","schema":{"@context":"https:\/\/schema.org","@graph":[{"@type":"WebPage","@id":"https:\/\/www.wundersee-sprachen.de\/contact\/","url":"https:\/\/www.wundersee-sprachen.de\/contact\/","name":"Reach out and say hello. - Wundersee Sprachen: Sprachkurse und \u00dcbersetzungen","isPartOf":{"@id":"https:\/\/www.wundersee-sprachen.de\/#website"},"primaryImageOfPage":{"@id":"https:\/\/www.wundersee-sprachen.de\/contact\/#primaryimage"},"image":{"@id":"https:\/\/www.wundersee-sprachen.de\/contact\/#primaryimage"},"thumbnailUrl":"https:\/\/www.wundersee-sprachen.de\/wp-content\/uploads\/2020\/05\/undraw_welcoming_xvuq.svg","datePublished":"2018-03-26T02:41:14+00:00","dateModified":"2020-05-25T12:49:19+00:00","breadcrumb":{"@id":"https:\/\/www.wundersee-sprachen.de\/contact\/#breadcrumb"},"inLanguage":"en-US","potentialAction":[{"@type":"ReadAction","target":["https:\/\/www.wundersee-sprachen.de\/contact\/"]}]},{"@type":"ImageObject","inLanguage":"en-US","@id":"https:\/\/www.wundersee-sprachen.de\/contact\/#primaryimage","url":"https:\/\/www.wundersee-sprachen.de\/wp-content\/uploads\/2020\/05\/undraw_welcoming_xvuq.svg","contentUrl":"https:\/\/www.wundersee-sprachen.de\/wp-content\/uploads\/2020\/05\/undraw_welcoming_xvuq.svg"},{"@type":"BreadcrumbList","@id":"https:\/\/www.wundersee-sprachen.de\/contact\/#breadcrumb","itemListElement":[{"@type":"ListItem","position":1,"name":"Home","item":"https:\/\/www.wundersee-sprachen.de\/"},{"@type":"ListItem","position":2,"name":"Reach out and say hello."}]},{"@type":"WebSite","@id":"https:\/\/www.wundersee-sprachen.de\/#website","url":"https:\/\/www.wundersee-sprachen.de\/","name":"Wundersee Sprachen: Sprachkurse und \u00dcbersetzungen","description":"Wir bieten Sprachkurse online und vor Ort in Englisch, Deutsch und Franz\u00f6sisch, sowie professionelle \u00dcbersetzung in und aus fast allen Sprachen, z. B. Englisch, Franz\u00f6sisch, Spanisch, Russisch, Deutsch, Polnisch, Chinesisch... Sagen Sie uns was Sie ben\u00f6tigen, wir k\u00fcmmern uns darum - professionell und zeitnah.","publisher":{"@id":"https:\/\/www.wundersee-sprachen.de\/#organization"},"potentialAction":[{"@type":"SearchAction","target":{"@type":"EntryPoint","urlTemplate":"https:\/\/www.wundersee-sprachen.de\/?s={search_term_string}"},"query-input":{"@type":"PropertyValueSpecification","valueRequired":true,"valueName":"search_term_string"}}],"inLanguage":"en-US"},{"@type":"Organization","@id":"https:\/\/www.wundersee-sprachen.de\/#organization","name":"El Gawish Sprachen","url":"https:\/\/www.wundersee-sprachen.de\/","logo":{"@type":"ImageObject","inLanguage":"en-US","@id":"https:\/\/www.wundersee-sprachen.de\/#\/schema\/logo\/image\/","url":"https:\/\/www.wundersee-sprachen.de\/wp-content\/uploads\/2019\/10\/logo.png","contentUrl":"https:\/\/www.wundersee-sprachen.de\/wp-content\/uploads\/2019\/10\/logo.png","width":460,"height":170,"caption":"El Gawish Sprachen"},"image":{"@id":"https:\/\/www.wundersee-sprachen.de\/#\/schema\/logo\/image\/"},"sameAs":["https:\/\/www.facebook.com\/elgawish.sprachen\/","https:\/\/www.instagram.com\/elgawish.sprachen\/","https:\/\/www.linkedin.com\/in\/hoda-gawish-89a17918"]}]}},"uagb_featured_image_src":{"full":false,"thumbnail":false,"medium":false,"medium_large":false,"large":false,"1536x1536":false,"2048x2048":false,"awsm_team":false},"uagb_author_info":{"display_name":"LeadAgentur","author_link":"https:\/\/www.wundersee-sprachen.de\/en\/author\/leadagentur\/"},"uagb_comment_info":0,"uagb_excerpt":null,"_links":{"self":[{"href":"https:\/\/www.wundersee-sprachen.de\/en\/wp-json\/wp\/v2\/pages\/101","targetHints":{"allow":["GET"]}}],"collection":[{"href":"https:\/\/www.wundersee-sprachen.de\/en\/wp-json\/wp\/v2\/pages"}],"about":[{"href":"https:\/\/www.wundersee-sprachen.de\/en\/wp-json\/wp\/v2\/types\/page"}],"author":[{"embeddable":true,"href":"https:\/\/www.wundersee-sprachen.de\/en\/wp-json\/wp\/v2\/users\/8"}],"replies":[{"embeddable":true,"href":"https:\/\/www.wundersee-sprachen.de\/en\/wp-json\/wp\/v2\/comments?post=101"}],"version-history":[{"count":1,"href":"https:\/\/www.wundersee-sprachen.de\/en\/wp-json\/wp\/v2\/pages\/101\/revisions"}],"predecessor-version":[{"id":2429,"href":"https:\/\/www.wundersee-sprachen.de\/en\/wp-json\/wp\/v2\/pages\/101\/revisions\/2429"}],"wp:attachment":[{"href":"https:\/\/www.wundersee-sprachen.de\/en\/wp-json\/wp\/v2\/media?parent=101"}],"curies":[{"name":"wp","href":"https:\/\/api.w.org\/{rel}","templated":true}]}}