{"id":1465,"date":"2020-05-13T10:21:18","date_gmt":"2020-05-13T14:21:18","guid":{"rendered":"https:\/\/gpsites.co\/dev\/?page_id=1465"},"modified":"2020-05-25T12:49:19","modified_gmt":"2020-05-25T12:49:19","slug":"work","status":"publish","type":"page","link":"https:\/\/www.wundersee-sprachen.de\/en\/work\/","title":{"rendered":"Our latest work."},"content":{"rendered":"\n<div class=\"gb-container gb-container-420db62d\"><div class=\"gb-inside-container\">\n<div class=\"gb-grid-wrapper gb-grid-wrapper-dda15ccb\">\n<div class=\"gb-grid-column gb-grid-column-848dcbea\"><div class=\"gb-container gb-container-848dcbea\"><div class=\"gb-inside-container\">\n<div class=\"gb-headline-wrapper gb-headline-wrapper-8ab117ef\"><span class=\"gb-icon\"><svg version=\"1.1\" id=\"Capa_1\" xmlns=\"http:\/\/www.w3.org\/2000\/svg\" xmlns:xlink=\"http:\/\/www.w3.org\/1999\/xlink\" x=\"0px\" y=\"0px\" viewBox=\"0 0 60 4.688\" style=\"enable-background:new 0 0 60 4.688;\" xml:space=\"preserve\"> <g> \t<g> \t\t<path d=\"M57.656,0H2.344C1.049,0,0,1.049,0,2.344c0,1.294,1.049,2.344,2.344,2.344h55.312C58.951,4.688,60,3.638,60,2.344 \t\t\tS58.951,0,57.656,0z\"><\/path> \t<\/g> <\/g> <\/svg><\/span><h2 class=\"gb-headline gb-headline-8ab117ef\">An award-winning appointment scheduling app for the nations largest medical group<\/h2><\/div>\n\n\n\n<p>Vivamus integer non suscipit taciti mus etiam at primis tempor sagittis euismod libero facilisi aptent elementum felis blandit cursus gravida.<\/p>\n\n\n\n<div class=\"gb-button-wrapper gb-button-wrapper-dfa6628d\">\n<a class=\"gb-button gb-button-f043ebd0 smooth-scroll\" href=\"https:\/\/gpsites.co\/dev\/our-clients-success-is-how-we-judge-ours\/\"><span class=\"button-text\">View Project<\/span><span class=\"gb-icon\"><svg viewBox=\"0 0 448 512\" xmlns=\"http:\/\/www.w3.org\/2000\/svg\" class=\"svg-inline--fa fa-long-arrow-alt-right fa-w-14\" data-icon=\"long-arrow-alt-right\" data-prefix=\"fas\" aria-hidden=\"true\"><path d=\"M313.941 216H12c-6.627 0-12 5.373-12 12v56c0 6.627 5.373 12 12 12h301.941v46.059c0 21.382 25.851 32.09 40.971 16.971l86.059-86.059c9.373-9.373 9.373-24.569 0-33.941l-86.059-86.059c-15.119-15.119-40.971-4.411-40.971 16.971V216z\" fill=\"currentColor\"><\/path><\/svg><\/span><\/a>\n<\/div>\n<\/div><\/div><\/div>\n\n\n\n<div class=\"gb-grid-column gb-grid-column-33bae100\"><div class=\"gb-container gb-container-33bae100\"><div class=\"gb-inside-container\">\n<div class=\"wp-block-image\"><figure class=\"aligncenter size-full\"><img loading=\"lazy\" decoding=\"async\" width=\"800\" height=\"428\" src=\"https:\/\/www.wundersee-sprachen.de\/wp-content\/uploads\/2020\/05\/iphone-mockup.png\" alt=\"\" class=\"wp-image-2422\" srcset=\"https:\/\/www.wundersee-sprachen.de\/wp-content\/uploads\/2020\/05\/iphone-mockup.png 800w, https:\/\/www.wundersee-sprachen.de\/wp-content\/uploads\/2020\/05\/iphone-mockup-300x161.png 300w, https:\/\/www.wundersee-sprachen.de\/wp-content\/uploads\/2020\/05\/iphone-mockup-768x411.png 768w\" sizes=\"auto, (max-width: 800px) 100vw, 800px\" \/><\/figure><\/div>\n<\/div><\/div><\/div>\n<\/div>\n<\/div><\/div>\n\n\n\n<div class=\"gb-container gb-container-041fd65a\"><div class=\"gb-inside-container\">\n<div class=\"gb-grid-wrapper gb-grid-wrapper-4e94c1f1\">\n<div class=\"gb-grid-column gb-grid-column-b2dd600d\"><div class=\"gb-container gb-container-b2dd600d\"><div class=\"gb-inside-container\">\n<div class=\"wp-block-image\"><figure class=\"aligncenter size-full\"><img loading=\"lazy\" decoding=\"async\" width=\"800\" height=\"382\" src=\"https:\/\/www.wundersee-sprachen.de\/wp-content\/uploads\/2020\/05\/macbook-mockup.png\" alt=\"\" class=\"wp-image-2423\" srcset=\"https:\/\/www.wundersee-sprachen.de\/wp-content\/uploads\/2020\/05\/macbook-mockup.png 800w, https:\/\/www.wundersee-sprachen.de\/wp-content\/uploads\/2020\/05\/macbook-mockup-300x143.png 300w, https:\/\/www.wundersee-sprachen.de\/wp-content\/uploads\/2020\/05\/macbook-mockup-768x367.png 768w\" sizes=\"auto, (max-width: 800px) 100vw, 800px\" \/><\/figure><\/div>\n<\/div><\/div><\/div>\n\n\n\n<div class=\"gb-grid-column gb-grid-column-80e4faf1\"><div class=\"gb-container gb-container-80e4faf1\"><div class=\"gb-inside-container\">\n<div class=\"gb-headline-wrapper gb-headline-wrapper-f73e2d5d\"><span class=\"gb-icon\"><svg xml:space=\"preserve\" style=\"enable-background:new 0 0 60 4.688;\" viewBox=\"0 0 60 4.688\" y=\"0px\" x=\"0px\" xmlns:xlink=\"http:\/\/www.w3.org\/1999\/xlink\" xmlns=\"http:\/\/www.w3.org\/2000\/svg\" id=\"Capa_1\" version=\"1.1\"> <g> \t<g> \t\t<path d=\"M57.656,0H2.344C1.049,0,0,1.049,0,2.344c0,1.294,1.049,2.344,2.344,2.344h55.312C58.951,4.688,60,3.638,60,2.344 \t\t\tS58.951,0,57.656,0z\"><\/path> \t<\/g> <\/g> <\/svg><\/span><h2 class=\"gb-headline gb-headline-f73e2d5d\">Website development and custom client portal for a global stock trading company <\/h2><\/div>\n\n\n\n<p>Vivamus integer non suscipit taciti mus etiam at primis tempor sagittis euismod libero facilisi aptent elementum felis blandit cursus gravida.<\/p>\n\n\n\n<div class=\"gb-button-wrapper gb-button-wrapper-6258a29f\">\n<a class=\"gb-button gb-button-386ae463 smooth-scroll\" href=\"https:\/\/gpsites.co\/dev\/our-clients-success-is-how-we-judge-ours\/\"><span class=\"button-text\">View Project<\/span><span class=\"gb-icon\"><svg aria-hidden=\"true\" data-prefix=\"fas\" data-icon=\"long-arrow-alt-right\" class=\"svg-inline--fa fa-long-arrow-alt-right fa-w-14\" xmlns=\"http:\/\/www.w3.org\/2000\/svg\" viewBox=\"0 0 448 512\"><path fill=\"currentColor\" d=\"M313.941 216H12c-6.627 0-12 5.373-12 12v56c0 6.627 5.373 12 12 12h301.941v46.059c0 21.382 25.851 32.09 40.971 16.971l86.059-86.059c9.373-9.373 9.373-24.569 0-33.941l-86.059-86.059c-15.119-15.119-40.971-4.411-40.971 16.971V216z\"><\/path><\/svg><\/span><\/a>\n<\/div>\n<\/div><\/div><\/div>\n<\/div>\n<\/div><\/div>\n\n\n\n<div class=\"gb-container gb-container-fe19ea27\"><div class=\"gb-inside-container\">\n<div class=\"gb-grid-wrapper gb-grid-wrapper-210bcbb9\">\n<div class=\"gb-grid-column gb-grid-column-53c04279\"><div class=\"gb-container gb-container-53c04279\"><div class=\"gb-inside-container\">\n<div class=\"gb-headline-wrapper gb-headline-wrapper-14377076\"><span class=\"gb-icon\"><svg xml:space=\"preserve\" style=\"enable-background:new 0 0 60 4.688;\" viewBox=\"0 0 60 4.688\" y=\"0px\" x=\"0px\" xmlns:xlink=\"http:\/\/www.w3.org\/1999\/xlink\" xmlns=\"http:\/\/www.w3.org\/2000\/svg\" id=\"Capa_1\" version=\"1.1\"> <g> \t<g> \t\t<path d=\"M57.656,0H2.344C1.049,0,0,1.049,0,2.344c0,1.294,1.049,2.344,2.344,2.344h55.312C58.951,4.688,60,3.638,60,2.344 \t\t\tS58.951,0,57.656,0z\"><\/path> \t<\/g> <\/g> <\/svg><\/span><h2 class=\"gb-headline gb-headline-14377076\">An award-winning appointment scheduling app for the nations largest medical group<\/h2><\/div>\n\n\n\n<p>Vivamus integer non suscipit taciti mus etiam at primis tempor sagittis euismod libero facilisi aptent elementum felis blandit cursus gravida.<\/p>\n\n\n\n<div class=\"gb-button-wrapper gb-button-wrapper-44a579b2\">\n<a class=\"gb-button gb-button-75781b50 smooth-scroll\" href=\"https:\/\/gpsites.co\/dev\/our-clients-success-is-how-we-judge-ours\/\"><span class=\"button-text\">View Project<\/span><span class=\"gb-icon\"><svg aria-hidden=\"true\" data-prefix=\"fas\" data-icon=\"long-arrow-alt-right\" class=\"svg-inline--fa fa-long-arrow-alt-right fa-w-14\" xmlns=\"http:\/\/www.w3.org\/2000\/svg\" viewBox=\"0 0 448 512\"><path fill=\"currentColor\" d=\"M313.941 216H12c-6.627 0-12 5.373-12 12v56c0 6.627 5.373 12 12 12h301.941v46.059c0 21.382 25.851 32.09 40.971 16.971l86.059-86.059c9.373-9.373 9.373-24.569 0-33.941l-86.059-86.059c-15.119-15.119-40.971-4.411-40.971 16.971V216z\"><\/path><\/svg><\/span><\/a>\n<\/div>\n<\/div><\/div><\/div>\n\n\n\n<div class=\"gb-grid-column gb-grid-column-7916e4d3\"><div class=\"gb-container gb-container-7916e4d3\"><div class=\"gb-inside-container\">\n<div class=\"wp-block-image\"><figure class=\"aligncenter size-full\"><img loading=\"lazy\" decoding=\"async\" width=\"800\" height=\"428\" src=\"https:\/\/www.wundersee-sprachen.de\/wp-content\/uploads\/2020\/05\/iphone-mockup.png\" alt=\"\" class=\"wp-image-2422\" srcset=\"https:\/\/www.wundersee-sprachen.de\/wp-content\/uploads\/2020\/05\/iphone-mockup.png 800w, https:\/\/www.wundersee-sprachen.de\/wp-content\/uploads\/2020\/05\/iphone-mockup-300x161.png 300w, https:\/\/www.wundersee-sprachen.de\/wp-content\/uploads\/2020\/05\/iphone-mockup-768x411.png 768w\" sizes=\"auto, (max-width: 800px) 100vw, 800px\" \/><\/figure><\/div>\n<\/div><\/div><\/div>\n<\/div>\n<\/div><\/div>\n\n\n\n<div class=\"gb-container gb-container-503f1208\"><div class=\"gb-inside-container\">\n<div class=\"gb-grid-wrapper gb-grid-wrapper-635947c0\">\n<div class=\"gb-grid-column gb-grid-column-64e9d95a\"><div class=\"gb-container gb-container-64e9d95a\"><div class=\"gb-inside-container\">\n<div class=\"wp-block-image\"><figure class=\"aligncenter size-full\"><img loading=\"lazy\" decoding=\"async\" width=\"800\" height=\"382\" src=\"https:\/\/www.wundersee-sprachen.de\/wp-content\/uploads\/2020\/05\/macbook-mockup.png\" alt=\"\" class=\"wp-image-2423\" srcset=\"https:\/\/www.wundersee-sprachen.de\/wp-content\/uploads\/2020\/05\/macbook-mockup.png 800w, https:\/\/www.wundersee-sprachen.de\/wp-content\/uploads\/2020\/05\/macbook-mockup-300x143.png 300w, https:\/\/www.wundersee-sprachen.de\/wp-content\/uploads\/2020\/05\/macbook-mockup-768x367.png 768w\" sizes=\"auto, (max-width: 800px) 100vw, 800px\" \/><\/figure><\/div>\n<\/div><\/div><\/div>\n\n\n\n<div class=\"gb-grid-column gb-grid-column-a4409595\"><div class=\"gb-container gb-container-a4409595\"><div class=\"gb-inside-container\">\n<div class=\"gb-headline-wrapper gb-headline-wrapper-f489e0c6\"><span class=\"gb-icon\"><svg version=\"1.1\" id=\"Capa_1\" xmlns=\"http:\/\/www.w3.org\/2000\/svg\" xmlns:xlink=\"http:\/\/www.w3.org\/1999\/xlink\" x=\"0px\" y=\"0px\" viewBox=\"0 0 60 4.688\" style=\"enable-background:new 0 0 60 4.688;\" xml:space=\"preserve\"> <g> \t<g> \t\t<path d=\"M57.656,0H2.344C1.049,0,0,1.049,0,2.344c0,1.294,1.049,2.344,2.344,2.344h55.312C58.951,4.688,60,3.638,60,2.344 \t\t\tS58.951,0,57.656,0z\"><\/path> \t<\/g> <\/g> <\/svg><\/span><h2 class=\"gb-headline gb-headline-f489e0c6\">Website development and custom client portal for a global stock trading company<\/h2><\/div>\n\n\n\n<p>Vivamus integer non suscipit taciti mus etiam at primis tempor sagittis euismod libero facilisi aptent elementum felis blandit cursus gravida.<\/p>\n\n\n\n<div class=\"gb-button-wrapper gb-button-wrapper-bd601589\">\n<a class=\"gb-button gb-button-5600a92d smooth-scroll\" href=\"https:\/\/gpsites.co\/dev\/our-clients-success-is-how-we-judge-ours\/\"><span class=\"button-text\">View Project<\/span><span class=\"gb-icon\"><svg aria-hidden=\"true\" data-prefix=\"fas\" data-icon=\"long-arrow-alt-right\" class=\"svg-inline--fa fa-long-arrow-alt-right fa-w-14\" xmlns=\"http:\/\/www.w3.org\/2000\/svg\" viewBox=\"0 0 448 512\"><path fill=\"currentColor\" d=\"M313.941 216H12c-6.627 0-12 5.373-12 12v56c0 6.627 5.373 12 12 12h301.941v46.059c0 21.382 25.851 32.09 40.971 16.971l86.059-86.059c9.373-9.373 9.373-24.569 0-33.941l-86.059-86.059c-15.119-15.119-40.971-4.411-40.971 16.971V216z\"><\/path><\/svg><\/span><\/a>\n<\/div>\n<\/div><\/div><\/div>\n<\/div>\n<\/div><\/div>\n","protected":false},"excerpt":{"rendered":"","protected":false},"author":8,"featured_media":0,"parent":0,"menu_order":0,"comment_status":"closed","ping_status":"closed","template":"","meta":{"_uag_custom_page_level_css":"","footnotes":""},"class_list":["post-1465","page","type-page","status-publish"],"translation":{"provider":"WPGlobus","version":"3.0.2","language":"en","enabled_languages":["de","en"],"languages":{"de":{"title":true,"content":true,"excerpt":false},"en":{"title":false,"content":false,"excerpt":false}}},"yoast_head":"<!-- This site is optimized with the Yoast SEO plugin v26.8 - https:\/\/yoast.com\/product\/yoast-seo-wordpress\/ -->\n<title>Our latest work. - Wundersee Sprachen: Sprachkurse und \u00dcbersetzungen<\/title>\n<meta name=\"robots\" content=\"index, follow, max-snippet:-1, max-image-preview:large, max-video-preview:-1\" \/>\n<link rel=\"canonical\" href=\"https:\/\/www.wundersee-sprachen.de\/work\/\" \/>\n<meta property=\"og:locale\" content=\"en_US\" \/>\n<meta property=\"og:type\" content=\"article\" \/>\n<meta property=\"og:title\" content=\"Our latest work. - Wundersee Sprachen: Sprachkurse und \u00dcbersetzungen\" \/>\n<meta property=\"og:url\" content=\"https:\/\/www.wundersee-sprachen.de\/work\/\" \/>\n<meta property=\"og:site_name\" content=\"Wundersee Sprachen: Sprachkurse und \u00dcbersetzungen\" \/>\n<meta property=\"article:publisher\" content=\"https:\/\/www.facebook.com\/elgawish.sprachen\/\" \/>\n<meta property=\"article:modified_time\" content=\"2020-05-25T12:49:19+00:00\" \/>\n<meta property=\"og:image\" content=\"https:\/\/www.wundersee-sprachen.de\/wp-content\/uploads\/2020\/05\/iphone-mockup.png\" \/>\n<meta name=\"twitter:card\" content=\"summary_large_image\" \/>\n<meta name=\"twitter:label1\" content=\"Est. reading time\" \/>\n\t<meta name=\"twitter:data1\" content=\"1 minute\" \/>\n<script type=\"application\/ld+json\" class=\"yoast-schema-graph\">{\"@context\":\"https:\/\/schema.org\",\"@graph\":[{\"@type\":\"WebPage\",\"@id\":\"https:\/\/www.wundersee-sprachen.de\/work\/\",\"url\":\"https:\/\/www.wundersee-sprachen.de\/work\/\",\"name\":\"Our latest work. - Wundersee Sprachen: Sprachkurse und \u00dcbersetzungen\",\"isPartOf\":{\"@id\":\"https:\/\/www.wundersee-sprachen.de\/#website\"},\"primaryImageOfPage\":{\"@id\":\"https:\/\/www.wundersee-sprachen.de\/work\/#primaryimage\"},\"image\":{\"@id\":\"https:\/\/www.wundersee-sprachen.de\/work\/#primaryimage\"},\"thumbnailUrl\":\"https:\/\/www.wundersee-sprachen.de\/wp-content\/uploads\/2020\/05\/iphone-mockup.png\",\"datePublished\":\"2020-05-13T14:21:18+00:00\",\"dateModified\":\"2020-05-25T12:49:19+00:00\",\"breadcrumb\":{\"@id\":\"https:\/\/www.wundersee-sprachen.de\/work\/#breadcrumb\"},\"inLanguage\":\"en-US\",\"potentialAction\":[{\"@type\":\"ReadAction\",\"target\":[\"https:\/\/www.wundersee-sprachen.de\/work\/\"]}]},{\"@type\":\"ImageObject\",\"inLanguage\":\"en-US\",\"@id\":\"https:\/\/www.wundersee-sprachen.de\/work\/#primaryimage\",\"url\":\"https:\/\/www.wundersee-sprachen.de\/wp-content\/uploads\/2020\/05\/iphone-mockup.png\",\"contentUrl\":\"https:\/\/www.wundersee-sprachen.de\/wp-content\/uploads\/2020\/05\/iphone-mockup.png\"},{\"@type\":\"BreadcrumbList\",\"@id\":\"https:\/\/www.wundersee-sprachen.de\/work\/#breadcrumb\",\"itemListElement\":[{\"@type\":\"ListItem\",\"position\":1,\"name\":\"Home\",\"item\":\"https:\/\/www.wundersee-sprachen.de\/\"},{\"@type\":\"ListItem\",\"position\":2,\"name\":\"Our latest work.\"}]},{\"@type\":\"WebSite\",\"@id\":\"https:\/\/www.wundersee-sprachen.de\/#website\",\"url\":\"https:\/\/www.wundersee-sprachen.de\/\",\"name\":\"Wundersee Sprachen: Sprachkurse und \u00dcbersetzungen\",\"description\":\"Wir bieten Sprachkurse online und vor Ort in Englisch, Deutsch und Franz\u00f6sisch, sowie professionelle \u00dcbersetzung in und aus fast allen Sprachen, z. B. Englisch, Franz\u00f6sisch, Spanisch, Russisch, Deutsch, Polnisch, Chinesisch... Sagen Sie uns was Sie ben\u00f6tigen, wir k\u00fcmmern uns darum - professionell und zeitnah.\",\"publisher\":{\"@id\":\"https:\/\/www.wundersee-sprachen.de\/#organization\"},\"potentialAction\":[{\"@type\":\"SearchAction\",\"target\":{\"@type\":\"EntryPoint\",\"urlTemplate\":\"https:\/\/www.wundersee-sprachen.de\/?s={search_term_string}\"},\"query-input\":{\"@type\":\"PropertyValueSpecification\",\"valueRequired\":true,\"valueName\":\"search_term_string\"}}],\"inLanguage\":\"en-US\"},{\"@type\":\"Organization\",\"@id\":\"https:\/\/www.wundersee-sprachen.de\/#organization\",\"name\":\"El Gawish Sprachen\",\"url\":\"https:\/\/www.wundersee-sprachen.de\/\",\"logo\":{\"@type\":\"ImageObject\",\"inLanguage\":\"en-US\",\"@id\":\"https:\/\/www.wundersee-sprachen.de\/#\/schema\/logo\/image\/\",\"url\":\"https:\/\/www.wundersee-sprachen.de\/wp-content\/uploads\/2019\/10\/logo.png\",\"contentUrl\":\"https:\/\/www.wundersee-sprachen.de\/wp-content\/uploads\/2019\/10\/logo.png\",\"width\":460,\"height\":170,\"caption\":\"El Gawish Sprachen\"},\"image\":{\"@id\":\"https:\/\/www.wundersee-sprachen.de\/#\/schema\/logo\/image\/\"},\"sameAs\":[\"https:\/\/www.facebook.com\/elgawish.sprachen\/\",\"https:\/\/www.instagram.com\/elgawish.sprachen\/\",\"https:\/\/www.linkedin.com\/in\/hoda-gawish-89a17918\"]}]}<\/script>\n<!-- \/ Yoast SEO plugin. -->","yoast_head_json":{"title":"Our latest work. - Wundersee Sprachen: Sprachkurse und \u00dcbersetzungen","robots":{"index":"index","follow":"follow","max-snippet":"max-snippet:-1","max-image-preview":"max-image-preview:large","max-video-preview":"max-video-preview:-1"},"canonical":"https:\/\/www.wundersee-sprachen.de\/work\/","og_locale":"en_US","og_type":"article","og_title":"Our latest work. - Wundersee Sprachen: Sprachkurse und \u00dcbersetzungen","og_url":"https:\/\/www.wundersee-sprachen.de\/work\/","og_site_name":"Wundersee Sprachen: Sprachkurse und \u00dcbersetzungen","article_publisher":"https:\/\/www.facebook.com\/elgawish.sprachen\/","article_modified_time":"2020-05-25T12:49:19+00:00","og_image":[{"url":"https:\/\/www.wundersee-sprachen.de\/wp-content\/uploads\/2020\/05\/iphone-mockup.png","type":"","width":"","height":""}],"twitter_card":"summary_large_image","twitter_misc":{"Est. reading time":"1 minute"},"schema":{"@context":"https:\/\/schema.org","@graph":[{"@type":"WebPage","@id":"https:\/\/www.wundersee-sprachen.de\/work\/","url":"https:\/\/www.wundersee-sprachen.de\/work\/","name":"Our latest work. - Wundersee Sprachen: Sprachkurse und \u00dcbersetzungen","isPartOf":{"@id":"https:\/\/www.wundersee-sprachen.de\/#website"},"primaryImageOfPage":{"@id":"https:\/\/www.wundersee-sprachen.de\/work\/#primaryimage"},"image":{"@id":"https:\/\/www.wundersee-sprachen.de\/work\/#primaryimage"},"thumbnailUrl":"https:\/\/www.wundersee-sprachen.de\/wp-content\/uploads\/2020\/05\/iphone-mockup.png","datePublished":"2020-05-13T14:21:18+00:00","dateModified":"2020-05-25T12:49:19+00:00","breadcrumb":{"@id":"https:\/\/www.wundersee-sprachen.de\/work\/#breadcrumb"},"inLanguage":"en-US","potentialAction":[{"@type":"ReadAction","target":["https:\/\/www.wundersee-sprachen.de\/work\/"]}]},{"@type":"ImageObject","inLanguage":"en-US","@id":"https:\/\/www.wundersee-sprachen.de\/work\/#primaryimage","url":"https:\/\/www.wundersee-sprachen.de\/wp-content\/uploads\/2020\/05\/iphone-mockup.png","contentUrl":"https:\/\/www.wundersee-sprachen.de\/wp-content\/uploads\/2020\/05\/iphone-mockup.png"},{"@type":"BreadcrumbList","@id":"https:\/\/www.wundersee-sprachen.de\/work\/#breadcrumb","itemListElement":[{"@type":"ListItem","position":1,"name":"Home","item":"https:\/\/www.wundersee-sprachen.de\/"},{"@type":"ListItem","position":2,"name":"Our latest work."}]},{"@type":"WebSite","@id":"https:\/\/www.wundersee-sprachen.de\/#website","url":"https:\/\/www.wundersee-sprachen.de\/","name":"Wundersee Sprachen: Sprachkurse und \u00dcbersetzungen","description":"Wir bieten Sprachkurse online und vor Ort in Englisch, Deutsch und Franz\u00f6sisch, sowie professionelle \u00dcbersetzung in und aus fast allen Sprachen, z. B. Englisch, Franz\u00f6sisch, Spanisch, Russisch, Deutsch, Polnisch, Chinesisch... Sagen Sie uns was Sie ben\u00f6tigen, wir k\u00fcmmern uns darum - professionell und zeitnah.","publisher":{"@id":"https:\/\/www.wundersee-sprachen.de\/#organization"},"potentialAction":[{"@type":"SearchAction","target":{"@type":"EntryPoint","urlTemplate":"https:\/\/www.wundersee-sprachen.de\/?s={search_term_string}"},"query-input":{"@type":"PropertyValueSpecification","valueRequired":true,"valueName":"search_term_string"}}],"inLanguage":"en-US"},{"@type":"Organization","@id":"https:\/\/www.wundersee-sprachen.de\/#organization","name":"El Gawish Sprachen","url":"https:\/\/www.wundersee-sprachen.de\/","logo":{"@type":"ImageObject","inLanguage":"en-US","@id":"https:\/\/www.wundersee-sprachen.de\/#\/schema\/logo\/image\/","url":"https:\/\/www.wundersee-sprachen.de\/wp-content\/uploads\/2019\/10\/logo.png","contentUrl":"https:\/\/www.wundersee-sprachen.de\/wp-content\/uploads\/2019\/10\/logo.png","width":460,"height":170,"caption":"El Gawish Sprachen"},"image":{"@id":"https:\/\/www.wundersee-sprachen.de\/#\/schema\/logo\/image\/"},"sameAs":["https:\/\/www.facebook.com\/elgawish.sprachen\/","https:\/\/www.instagram.com\/elgawish.sprachen\/","https:\/\/www.linkedin.com\/in\/hoda-gawish-89a17918"]}]}},"uagb_featured_image_src":{"full":false,"thumbnail":false,"medium":false,"medium_large":false,"large":false,"1536x1536":false,"2048x2048":false,"awsm_team":false},"uagb_author_info":{"display_name":"LeadAgentur","author_link":"https:\/\/www.wundersee-sprachen.de\/en\/author\/leadagentur\/"},"uagb_comment_info":0,"uagb_excerpt":null,"_links":{"self":[{"href":"https:\/\/www.wundersee-sprachen.de\/en\/wp-json\/wp\/v2\/pages\/1465","targetHints":{"allow":["GET"]}}],"collection":[{"href":"https:\/\/www.wundersee-sprachen.de\/en\/wp-json\/wp\/v2\/pages"}],"about":[{"href":"https:\/\/www.wundersee-sprachen.de\/en\/wp-json\/wp\/v2\/types\/page"}],"author":[{"embeddable":true,"href":"https:\/\/www.wundersee-sprachen.de\/en\/wp-json\/wp\/v2\/users\/8"}],"replies":[{"embeddable":true,"href":"https:\/\/www.wundersee-sprachen.de\/en\/wp-json\/wp\/v2\/comments?post=1465"}],"version-history":[{"count":1,"href":"https:\/\/www.wundersee-sprachen.de\/en\/wp-json\/wp\/v2\/pages\/1465\/revisions"}],"predecessor-version":[{"id":2432,"href":"https:\/\/www.wundersee-sprachen.de\/en\/wp-json\/wp\/v2\/pages\/1465\/revisions\/2432"}],"wp:attachment":[{"href":"https:\/\/www.wundersee-sprachen.de\/en\/wp-json\/wp\/v2\/media?parent=1465"}],"curies":[{"name":"wp","href":"https:\/\/api.w.org\/{rel}","templated":true}]}}