{"id":2425,"date":"2020-04-11T17:04:21","date_gmt":"2020-04-11T21:04:21","guid":{"rendered":"https:\/\/gpsites.co\/dev\/?page_id=125"},"modified":"2020-04-11T17:04:21","modified_gmt":"2020-04-11T21:04:21","slug":"style-guide","status":"publish","type":"page","link":"https:\/\/www.wundersee-sprachen.de\/en\/style-guide\/","title":{"rendered":"Dev style guide."},"content":{"rendered":"\n<div class=\"gb-container gb-container-769c1add\"><div class=\"gb-inside-container\">\n<div class=\"gb-headline-wrapper gb-headline-wrapper-b3aa0546\"><span class=\"gb-icon\"><svg aria-hidden=\"true\" height=\"1em\" width=\"1em\" viewBox=\"0 0 256 512\" xmlns=\"http:\/\/www.w3.org\/2000\/svg\"><path fill=\"currentColor\" d=\"M224.3 273l-136 136c-9.4 9.4-24.6 9.4-33.9 0l-22.6-22.6c-9.4-9.4-9.4-24.6 0-33.9l96.4-96.4-96.4-96.4c-9.4-9.4-9.4-24.6 0-33.9L54.3 103c9.4-9.4 24.6-9.4 33.9 0l136 136c9.5 9.4 9.5 24.6.1 34z\"><\/path><\/svg><\/span><p class=\"gb-headline gb-headline-b3aa0546\">Headlines \/\/ oxygen<\/p><\/div>\n\n\n\n<h1 class=\"gb-headline gb-headline-540d63eb\">H1 Dev is a clean and minimal site built for agencies and developers. <\/h1>\n\n\n\n<h2 class=\"gb-headline gb-headline-bf1932a6\">H2 Dev is a clean and minimal site built for agencies and developers.<\/h2>\n\n\n\n<h3 class=\"gb-headline gb-headline-b8c125a8\">H3 Dev is a clean and minimal site built for agencies and developers.<\/h3>\n\n\n\n<h4 class=\"gb-headline gb-headline-effa2a0e\">H4 Dev is a clean and minimal site built for agencies and developers.<\/h4>\n\n\n\n<div class=\"gb-headline-wrapper gb-headline-wrapper-b2c9296d\"><span class=\"gb-icon\"><svg aria-hidden=\"true\" height=\"1em\" width=\"1em\" viewBox=\"0 0 256 512\" xmlns=\"http:\/\/www.w3.org\/2000\/svg\"><path fill=\"currentColor\" d=\"M224.3 273l-136 136c-9.4 9.4-24.6 9.4-33.9 0l-22.6-22.6c-9.4-9.4-9.4-24.6 0-33.9l96.4-96.4-96.4-96.4c-9.4-9.4-9.4-24.6 0-33.9L54.3 103c9.4-9.4 24.6-9.4 33.9 0l136 136c9.5 9.4 9.5 24.6.1 34z\"><\/path><\/svg><\/span><p class=\"gb-headline gb-headline-b2c9296d\">Body Text \/\/ <strong>OXYGEN<\/strong> <\/p><\/div>\n\n\n\n<p>Vivamus integer non suscipit taciti mus etiam at primis tempor sagittis sit, euismod libero facilisi aptent elementum felis blandit cursus gravida sociis erat ante, eleifend lectus nullam dapibus netus feugiat curae curabitur est ad. Massa curae fringilla consectetur porttitor quam sollicitudin iaculis aptent leo ligula euismod dictumst, orci penatibus mauris eros etiam praesent erat volutpat posuere.<\/p>\n\n\n\n<p>Mollis pretium lorem primis senectus habitasse lectus scelerisque donec, ultricies tortor suspendisse adipiscing fusce morbi volutpat pellentesque, consectetur mi risus molestie curae malesuada cum. Dignissim lacus convallis massa mauris enim ad mattis magnis senectus montes, mollis taciti phasellus accumsan bibendum semper blandit suspendisse faucibus nibh est, metus lobortis morbi cras magna. <\/p>\n\n\n\n<div class=\"gb-headline-wrapper gb-headline-wrapper-26598bcb\"><span class=\"gb-icon\"><svg aria-hidden=\"true\" height=\"1em\" width=\"1em\" viewBox=\"0 0 256 512\" xmlns=\"http:\/\/www.w3.org\/2000\/svg\"><path fill=\"currentColor\" d=\"M224.3 273l-136 136c-9.4 9.4-24.6 9.4-33.9 0l-22.6-22.6c-9.4-9.4-9.4-24.6 0-33.9l96.4-96.4-96.4-96.4c-9.4-9.4-9.4-24.6 0-33.9L54.3 103c9.4-9.4 24.6-9.4 33.9 0l136 136c9.5 9.4 9.5 24.6.1 34z\"><\/path><\/svg><\/span><p class=\"gb-headline gb-headline-26598bcb\">Colors<\/p><\/div>\n\n\n\n<div class=\"gb-button-wrapper gb-button-wrapper-9ae8119b\">\n<a class=\"gb-button gb-button-d083cb58\"><\/a>\n\n\n\n<a class=\"gb-button gb-button-e10fc9c5\"><\/a>\n\n\n\n<a class=\"gb-button gb-button-f9f37dfa\"><\/a>\n\n\n\n<a class=\"gb-button gb-button-5eb48a32\"><\/a>\n<\/div>\n\n\n\n<div class=\"gb-headline-wrapper gb-headline-wrapper-2a769d1f\"><span class=\"gb-icon\"><svg aria-hidden=\"true\" height=\"1em\" width=\"1em\" viewBox=\"0 0 256 512\" xmlns=\"http:\/\/www.w3.org\/2000\/svg\"><path fill=\"currentColor\" d=\"M224.3 273l-136 136c-9.4 9.4-24.6 9.4-33.9 0l-22.6-22.6c-9.4-9.4-9.4-24.6 0-33.9l96.4-96.4-96.4-96.4c-9.4-9.4-9.4-24.6 0-33.9L54.3 103c9.4-9.4 24.6-9.4 33.9 0l136 136c9.5 9.4 9.5 24.6.1 34z\"><\/path><\/svg><\/span><p class=\"gb-headline gb-headline-2a769d1f\">Buttons<\/p><\/div>\n\n\n\n<div class=\"gb-button-wrapper gb-button-wrapper-e55fb916\">\n<a class=\"gb-button gb-button-a60581bf button\" href=\"#\"><span class=\"button-text\">Button<\/span><\/a>\n<\/div>\n\n\n\n<div class=\"gb-button-wrapper gb-button-wrapper-76b9c25a\">\n<a class=\"gb-button gb-button-df52687e smooth-scroll\" href=\"#\"><span class=\"button-text\">Text Icon Link<\/span><span class=\"gb-icon\"><svg viewBox=\"0 0 448 512\" xmlns=\"http:\/\/www.w3.org\/2000\/svg\" class=\"svg-inline--fa fa-long-arrow-alt-right fa-w-14\" data-icon=\"long-arrow-alt-right\" data-prefix=\"fas\" aria-hidden=\"true\"><path d=\"M313.941 216H12c-6.627 0-12 5.373-12 12v56c0 6.627 5.373 12 12 12h301.941v46.059c0 21.382 25.851 32.09 40.971 16.971l86.059-86.059c9.373-9.373 9.373-24.569 0-33.941l-86.059-86.059c-15.119-15.119-40.971-4.411-40.971 16.971V216z\" fill=\"currentColor\"><\/path><\/svg><\/span><\/a>\n<\/div>\n\n\n\n<div class=\"gb-headline-wrapper gb-headline-wrapper-272f6a5d\"><span class=\"gb-icon\"><svg xmlns=\"http:\/\/www.w3.org\/2000\/svg\" viewBox=\"0 0 512 512\" width=\"1em\" height=\"1em\" aria-hidden=\"true\"><path d=\"M462.3 62.6C407.5 15.9 326 24.3 275.7 76.2L256 96.5l-19.7-20.3C186.1 24.3 104.5 15.9 49.7 62.6c-62.8 53.6-66.1 149.8-9.9 207.9l193.5 199.8c12.5 12.9 32.8 12.9 45.3 0l193.5-199.8c56.3-58.1 53-154.3-9.8-207.9z\" fill=\"currentColor\"><\/path><\/svg><\/span><p class=\"gb-headline gb-headline-272f6a5d\">Illustrations by <a rel=\"noreferrer noopener\" href=\"https:\/\/twitter.com\/ninaLimpi\" target=\"_blank\">Katerina Limpitsouni<\/a> at <a rel=\"noreferrer noopener\" href=\"https:\/\/undraw.co\/\" target=\"_blank\">Undraw<\/a><\/p><\/div>\n\n\n\n<div class=\"gb-headline-wrapper gb-headline-wrapper-8475e451\"><span class=\"gb-icon\"><svg aria-hidden=\"true\" height=\"1em\" width=\"1em\" viewBox=\"0 0 576 512\" xmlns=\"http:\/\/www.w3.org\/2000\/svg\"><path fill=\"currentColor\" d=\"M259.3 17.8L194 150.2 47.9 171.5c-26.2 3.8-36.7 36.1-17.7 54.6l105.7 103-25 145.5c-4.5 26.3 23.2 46 46.4 33.7L288 439.6l130.7 68.7c23.2 12.2 50.9-7.4 46.4-33.7l-25-145.5 105.7-103c19-18.5 8.5-50.8-17.7-54.6L382 150.2 316.7 17.8c-11.7-23.6-45.6-23.9-57.4 0z\"><\/path><\/svg><\/span><p class=\"gb-headline gb-headline-8475e451\">Photos by <a href=\"https:\/\/www.pexels.com\/@bongkarn-thanyakij-683719\" target=\"_blank\" rel=\"noreferrer noopener\">Bongkarn Thanyakij<\/a> at Pexels<\/p><\/div>\n<\/div><\/div>\n","protected":false},"excerpt":{"rendered":"","protected":false},"author":8,"featured_media":0,"parent":0,"menu_order":0,"comment_status":"closed","ping_status":"closed","template":"","meta":{"_uag_custom_page_level_css":"","footnotes":""},"class_list":["post-2425","page","type-page","status-publish"],"translation":{"provider":"WPGlobus","version":"3.0.2","language":"en","enabled_languages":["de","en"],"languages":{"de":{"title":true,"content":true,"excerpt":false},"en":{"title":false,"content":false,"excerpt":false}}},"yoast_head":"<!-- This site is optimized with the Yoast SEO plugin v26.8 - https:\/\/yoast.com\/product\/yoast-seo-wordpress\/ -->\n<title>Dev style guide. - Wundersee Sprachen: Sprachkurse und \u00dcbersetzungen<\/title>\n<meta name=\"robots\" content=\"index, follow, max-snippet:-1, max-image-preview:large, max-video-preview:-1\" \/>\n<link rel=\"canonical\" href=\"https:\/\/www.wundersee-sprachen.de\/style-guide\/\" \/>\n<meta property=\"og:locale\" content=\"en_US\" \/>\n<meta property=\"og:type\" content=\"article\" \/>\n<meta property=\"og:title\" content=\"Dev style guide. - Wundersee Sprachen: Sprachkurse und \u00dcbersetzungen\" \/>\n<meta property=\"og:url\" content=\"https:\/\/www.wundersee-sprachen.de\/style-guide\/\" \/>\n<meta property=\"og:site_name\" content=\"Wundersee Sprachen: Sprachkurse und \u00dcbersetzungen\" \/>\n<meta property=\"article:publisher\" content=\"https:\/\/www.facebook.com\/elgawish.sprachen\/\" \/>\n<meta name=\"twitter:card\" content=\"summary_large_image\" \/>\n<meta name=\"twitter:label1\" content=\"Est. reading time\" \/>\n\t<meta name=\"twitter:data1\" content=\"1 minute\" \/>\n<script type=\"application\/ld+json\" class=\"yoast-schema-graph\">{\"@context\":\"https:\/\/schema.org\",\"@graph\":[{\"@type\":\"WebPage\",\"@id\":\"https:\/\/www.wundersee-sprachen.de\/style-guide\/\",\"url\":\"https:\/\/www.wundersee-sprachen.de\/style-guide\/\",\"name\":\"Dev style guide. - Wundersee Sprachen: Sprachkurse und \u00dcbersetzungen\",\"isPartOf\":{\"@id\":\"https:\/\/www.wundersee-sprachen.de\/#website\"},\"datePublished\":\"2020-04-11T21:04:21+00:00\",\"breadcrumb\":{\"@id\":\"https:\/\/www.wundersee-sprachen.de\/style-guide\/#breadcrumb\"},\"inLanguage\":\"en-US\",\"potentialAction\":[{\"@type\":\"ReadAction\",\"target\":[\"https:\/\/www.wundersee-sprachen.de\/style-guide\/\"]}]},{\"@type\":\"BreadcrumbList\",\"@id\":\"https:\/\/www.wundersee-sprachen.de\/style-guide\/#breadcrumb\",\"itemListElement\":[{\"@type\":\"ListItem\",\"position\":1,\"name\":\"Home\",\"item\":\"https:\/\/www.wundersee-sprachen.de\/\"},{\"@type\":\"ListItem\",\"position\":2,\"name\":\"Dev style guide.\"}]},{\"@type\":\"WebSite\",\"@id\":\"https:\/\/www.wundersee-sprachen.de\/#website\",\"url\":\"https:\/\/www.wundersee-sprachen.de\/\",\"name\":\"Wundersee Sprachen: Sprachkurse und \u00dcbersetzungen\",\"description\":\"Wir bieten Sprachkurse online und vor Ort in Englisch, Deutsch und Franz\u00f6sisch, sowie professionelle \u00dcbersetzung in und aus fast allen Sprachen, z. B. Englisch, Franz\u00f6sisch, Spanisch, Russisch, Deutsch, Polnisch, Chinesisch... Sagen Sie uns was Sie ben\u00f6tigen, wir k\u00fcmmern uns darum - professionell und zeitnah.\",\"publisher\":{\"@id\":\"https:\/\/www.wundersee-sprachen.de\/#organization\"},\"potentialAction\":[{\"@type\":\"SearchAction\",\"target\":{\"@type\":\"EntryPoint\",\"urlTemplate\":\"https:\/\/www.wundersee-sprachen.de\/?s={search_term_string}\"},\"query-input\":{\"@type\":\"PropertyValueSpecification\",\"valueRequired\":true,\"valueName\":\"search_term_string\"}}],\"inLanguage\":\"en-US\"},{\"@type\":\"Organization\",\"@id\":\"https:\/\/www.wundersee-sprachen.de\/#organization\",\"name\":\"El Gawish Sprachen\",\"url\":\"https:\/\/www.wundersee-sprachen.de\/\",\"logo\":{\"@type\":\"ImageObject\",\"inLanguage\":\"en-US\",\"@id\":\"https:\/\/www.wundersee-sprachen.de\/#\/schema\/logo\/image\/\",\"url\":\"https:\/\/www.wundersee-sprachen.de\/wp-content\/uploads\/2019\/10\/logo.png\",\"contentUrl\":\"https:\/\/www.wundersee-sprachen.de\/wp-content\/uploads\/2019\/10\/logo.png\",\"width\":460,\"height\":170,\"caption\":\"El Gawish Sprachen\"},\"image\":{\"@id\":\"https:\/\/www.wundersee-sprachen.de\/#\/schema\/logo\/image\/\"},\"sameAs\":[\"https:\/\/www.facebook.com\/elgawish.sprachen\/\",\"https:\/\/www.instagram.com\/elgawish.sprachen\/\",\"https:\/\/www.linkedin.com\/in\/hoda-gawish-89a17918\"]}]}<\/script>\n<!-- \/ Yoast SEO plugin. -->","yoast_head_json":{"title":"Dev style guide. - Wundersee Sprachen: Sprachkurse und \u00dcbersetzungen","robots":{"index":"index","follow":"follow","max-snippet":"max-snippet:-1","max-image-preview":"max-image-preview:large","max-video-preview":"max-video-preview:-1"},"canonical":"https:\/\/www.wundersee-sprachen.de\/style-guide\/","og_locale":"en_US","og_type":"article","og_title":"Dev style guide. - Wundersee Sprachen: Sprachkurse und \u00dcbersetzungen","og_url":"https:\/\/www.wundersee-sprachen.de\/style-guide\/","og_site_name":"Wundersee Sprachen: Sprachkurse und \u00dcbersetzungen","article_publisher":"https:\/\/www.facebook.com\/elgawish.sprachen\/","twitter_card":"summary_large_image","twitter_misc":{"Est. reading time":"1 minute"},"schema":{"@context":"https:\/\/schema.org","@graph":[{"@type":"WebPage","@id":"https:\/\/www.wundersee-sprachen.de\/style-guide\/","url":"https:\/\/www.wundersee-sprachen.de\/style-guide\/","name":"Dev style guide. - Wundersee Sprachen: Sprachkurse und \u00dcbersetzungen","isPartOf":{"@id":"https:\/\/www.wundersee-sprachen.de\/#website"},"datePublished":"2020-04-11T21:04:21+00:00","breadcrumb":{"@id":"https:\/\/www.wundersee-sprachen.de\/style-guide\/#breadcrumb"},"inLanguage":"en-US","potentialAction":[{"@type":"ReadAction","target":["https:\/\/www.wundersee-sprachen.de\/style-guide\/"]}]},{"@type":"BreadcrumbList","@id":"https:\/\/www.wundersee-sprachen.de\/style-guide\/#breadcrumb","itemListElement":[{"@type":"ListItem","position":1,"name":"Home","item":"https:\/\/www.wundersee-sprachen.de\/"},{"@type":"ListItem","position":2,"name":"Dev style guide."}]},{"@type":"WebSite","@id":"https:\/\/www.wundersee-sprachen.de\/#website","url":"https:\/\/www.wundersee-sprachen.de\/","name":"Wundersee Sprachen: Sprachkurse und \u00dcbersetzungen","description":"Wir bieten Sprachkurse online und vor Ort in Englisch, Deutsch und Franz\u00f6sisch, sowie professionelle \u00dcbersetzung in und aus fast allen Sprachen, z. B. Englisch, Franz\u00f6sisch, Spanisch, Russisch, Deutsch, Polnisch, Chinesisch... Sagen Sie uns was Sie ben\u00f6tigen, wir k\u00fcmmern uns darum - professionell und zeitnah.","publisher":{"@id":"https:\/\/www.wundersee-sprachen.de\/#organization"},"potentialAction":[{"@type":"SearchAction","target":{"@type":"EntryPoint","urlTemplate":"https:\/\/www.wundersee-sprachen.de\/?s={search_term_string}"},"query-input":{"@type":"PropertyValueSpecification","valueRequired":true,"valueName":"search_term_string"}}],"inLanguage":"en-US"},{"@type":"Organization","@id":"https:\/\/www.wundersee-sprachen.de\/#organization","name":"El Gawish Sprachen","url":"https:\/\/www.wundersee-sprachen.de\/","logo":{"@type":"ImageObject","inLanguage":"en-US","@id":"https:\/\/www.wundersee-sprachen.de\/#\/schema\/logo\/image\/","url":"https:\/\/www.wundersee-sprachen.de\/wp-content\/uploads\/2019\/10\/logo.png","contentUrl":"https:\/\/www.wundersee-sprachen.de\/wp-content\/uploads\/2019\/10\/logo.png","width":460,"height":170,"caption":"El Gawish Sprachen"},"image":{"@id":"https:\/\/www.wundersee-sprachen.de\/#\/schema\/logo\/image\/"},"sameAs":["https:\/\/www.facebook.com\/elgawish.sprachen\/","https:\/\/www.instagram.com\/elgawish.sprachen\/","https:\/\/www.linkedin.com\/in\/hoda-gawish-89a17918"]}]}},"uagb_featured_image_src":{"full":false,"thumbnail":false,"medium":false,"medium_large":false,"large":false,"1536x1536":false,"2048x2048":false,"awsm_team":false},"uagb_author_info":{"display_name":"LeadAgentur","author_link":"https:\/\/www.wundersee-sprachen.de\/en\/author\/leadagentur\/"},"uagb_comment_info":0,"uagb_excerpt":null,"_links":{"self":[{"href":"https:\/\/www.wundersee-sprachen.de\/en\/wp-json\/wp\/v2\/pages\/2425","targetHints":{"allow":["GET"]}}],"collection":[{"href":"https:\/\/www.wundersee-sprachen.de\/en\/wp-json\/wp\/v2\/pages"}],"about":[{"href":"https:\/\/www.wundersee-sprachen.de\/en\/wp-json\/wp\/v2\/types\/page"}],"author":[{"embeddable":true,"href":"https:\/\/www.wundersee-sprachen.de\/en\/wp-json\/wp\/v2\/users\/8"}],"replies":[{"embeddable":true,"href":"https:\/\/www.wundersee-sprachen.de\/en\/wp-json\/wp\/v2\/comments?post=2425"}],"version-history":[{"count":0,"href":"https:\/\/www.wundersee-sprachen.de\/en\/wp-json\/wp\/v2\/pages\/2425\/revisions"}],"wp:attachment":[{"href":"https:\/\/www.wundersee-sprachen.de\/en\/wp-json\/wp\/v2\/media?parent=2425"}],"curies":[{"name":"wp","href":"https:\/\/api.w.org\/{rel}","templated":true}]}}