{"id":2593,"date":"2020-06-17T12:48:08","date_gmt":"2020-06-17T12:48:08","guid":{"rendered":"https:\/\/www.elgawish-sprachen.de\/?page_id=2593"},"modified":"2021-10-01T14:43:53","modified_gmt":"2021-10-01T14:43:53","slug":"aktuelles-2","status":"publish","type":"page","link":"https:\/\/www.wundersee-sprachen.de\/en\/aktuelles-2\/","title":{"rendered":"Aktuelles"},"content":{"rendered":"\n<p><\/p>\n\n\n<div class=\"gb-container gb-container-eafdfded\"><div class=\"gb-inside-container\">\n\n<p>An dieser Stelle finden Sie regelm\u00e4\u00dfig Neuigkeiten von und \u00fcber Wundersee Sprachen<\/p>\n\n<\/div><\/div>\n\n<div class=\"gb-container gb-container-2b59e3c8\"><div class=\"gb-inside-container\">\n\n<p class=\"has-text-align-center\"><\/p>\n\n\n\n<h2 class=\"wp-block-heading\">Dolmetscher gesucht<\/h2>\n\n\n<div class=\"gb-container gb-container-8f626f0b\"><div class=\"gb-inside-container\">\n\n<div class=\"wp-block-columns is-layout-flex wp-container-core-columns-is-layout-1 wp-block-columns-is-layout-flex\">\n<div class=\"wp-block-column is-layout-flow wp-block-column-is-layout-flow\">\n<div class=\"wp-block-image\"><figure class=\"alignleft size-large\"><img loading=\"lazy\" decoding=\"async\" width=\"1024\" height=\"469\" src=\"https:\/\/www.wundersee-sprachen.de\/wp-content\/uploads\/2020\/06\/item-2.jpg\" alt=\"\" class=\"wp-image-2576\" srcset=\"https:\/\/www.wundersee-sprachen.de\/wp-content\/uploads\/2020\/06\/item-2.jpg 1024w, https:\/\/www.wundersee-sprachen.de\/wp-content\/uploads\/2020\/06\/item-2-300x137.jpg 300w, https:\/\/www.wundersee-sprachen.de\/wp-content\/uploads\/2020\/06\/item-2-768x352.jpg 768w\" sizes=\"auto, (max-width: 1024px) 100vw, 1024px\" \/><\/figure><\/div>\n<\/div>\n\n\n\n<div class=\"wp-block-column is-layout-flow wp-block-column-is-layout-flow\">\n<p>Wir suchen ab sofort freiberufliche Dolmetscher f\u00fcr folgende Sprachen:<\/p>\n\n\n\n<ul class=\"wp-block-list\"><li>Arabisch<\/li><li>Kurdisch<\/li><li>T\u00fcrkisch<\/li><li>Afrikanische Sprachen<\/li><\/ul>\n\n\n\n<p>\u2013 Grundvoraussetzung: Deutschkenntnisse ab Stufe C1 \u2013<\/p>\n\n\n\n<p>Wenn Sie eine der oben aufgef\u00fchrten Sprachen beherrschen und etwas Erfahrung im Dolmetschen haben, schicken Sie uns Ihre Bewerbungsunterlagen per Mail und kommen Sie in unser Team!Block hinzuf\u00fcgen<\/p>\n<\/div>\n<\/div>\n\n<\/div><\/div>\n<\/div><\/div>\n\n<div class=\"gb-container gb-container-6730d4e0\"><div class=\"gb-inside-container\"><\/div><\/div>\n\n<div class=\"gb-container gb-container-64c88f6b\"><div class=\"gb-inside-container\"><\/div><\/div>\n\n\n<p><\/p>\n\n\n<div class=\"gb-container gb-container-aa96977e\"><div class=\"gb-inside-container\">\n<div class=\"gb-button-wrapper gb-button-wrapper-7c65c352\">\n\n<span class=\"gb-button gb-button-120b7e4a gb-button-text\">Button<\/span>\n\n<\/div>\n<\/div><\/div>","protected":false},"excerpt":{"rendered":"","protected":false},"author":8,"featured_media":0,"parent":0,"menu_order":0,"comment_status":"closed","ping_status":"closed","template":"","meta":{"_uag_custom_page_level_css":"","footnotes":""},"class_list":["post-2593","page","type-page","status-publish"],"translation":{"provider":"WPGlobus","version":"3.0.2","language":"en","enabled_languages":["de","en"],"languages":{"de":{"title":true,"content":true,"excerpt":false},"en":{"title":false,"content":false,"excerpt":false}}},"yoast_head":"<!-- This site is optimized with the Yoast SEO plugin v26.8 - https:\/\/yoast.com\/product\/yoast-seo-wordpress\/ -->\n<title>Aktuelles - Wundersee Sprachen: Sprachkurse und \u00dcbersetzungen<\/title>\n<meta name=\"robots\" content=\"index, follow, max-snippet:-1, max-image-preview:large, max-video-preview:-1\" \/>\n<link rel=\"canonical\" href=\"https:\/\/www.wundersee-sprachen.de\/aktuelles-2\/\" \/>\n<meta property=\"og:locale\" content=\"en_US\" \/>\n<meta property=\"og:type\" content=\"article\" \/>\n<meta property=\"og:title\" content=\"Aktuelles - Wundersee Sprachen: Sprachkurse und \u00dcbersetzungen\" \/>\n<meta property=\"og:url\" content=\"https:\/\/www.wundersee-sprachen.de\/aktuelles-2\/\" \/>\n<meta property=\"og:site_name\" content=\"Wundersee Sprachen: Sprachkurse und \u00dcbersetzungen\" \/>\n<meta property=\"article:publisher\" content=\"https:\/\/www.facebook.com\/elgawish.sprachen\/\" \/>\n<meta property=\"article:modified_time\" content=\"2021-10-01T14:43:53+00:00\" \/>\n<meta property=\"og:image\" content=\"https:\/\/www.wundersee-sprachen.de\/wp-content\/uploads\/2020\/06\/item-2.jpg\" \/>\n<meta name=\"twitter:card\" content=\"summary_large_image\" \/>\n<meta name=\"twitter:label1\" content=\"Est. reading time\" \/>\n\t<meta name=\"twitter:data1\" content=\"1 minute\" \/>\n<script type=\"application\/ld+json\" class=\"yoast-schema-graph\">{\"@context\":\"https:\/\/schema.org\",\"@graph\":[{\"@type\":\"WebPage\",\"@id\":\"https:\/\/www.wundersee-sprachen.de\/aktuelles-2\/\",\"url\":\"https:\/\/www.wundersee-sprachen.de\/aktuelles-2\/\",\"name\":\"Aktuelles - Wundersee Sprachen: Sprachkurse und \u00dcbersetzungen\",\"isPartOf\":{\"@id\":\"https:\/\/www.wundersee-sprachen.de\/#website\"},\"primaryImageOfPage\":{\"@id\":\"https:\/\/www.wundersee-sprachen.de\/aktuelles-2\/#primaryimage\"},\"image\":{\"@id\":\"https:\/\/www.wundersee-sprachen.de\/aktuelles-2\/#primaryimage\"},\"thumbnailUrl\":\"https:\/\/www.wundersee-sprachen.de\/wp-content\/uploads\/2020\/06\/item-2.jpg\",\"datePublished\":\"2020-06-17T12:48:08+00:00\",\"dateModified\":\"2021-10-01T14:43:53+00:00\",\"breadcrumb\":{\"@id\":\"https:\/\/www.wundersee-sprachen.de\/aktuelles-2\/#breadcrumb\"},\"inLanguage\":\"en-US\",\"potentialAction\":[{\"@type\":\"ReadAction\",\"target\":[\"https:\/\/www.wundersee-sprachen.de\/aktuelles-2\/\"]}]},{\"@type\":\"ImageObject\",\"inLanguage\":\"en-US\",\"@id\":\"https:\/\/www.wundersee-sprachen.de\/aktuelles-2\/#primaryimage\",\"url\":\"https:\/\/www.wundersee-sprachen.de\/wp-content\/uploads\/2020\/06\/item-2.jpg\",\"contentUrl\":\"https:\/\/www.wundersee-sprachen.de\/wp-content\/uploads\/2020\/06\/item-2.jpg\"},{\"@type\":\"BreadcrumbList\",\"@id\":\"https:\/\/www.wundersee-sprachen.de\/aktuelles-2\/#breadcrumb\",\"itemListElement\":[{\"@type\":\"ListItem\",\"position\":1,\"name\":\"Home\",\"item\":\"https:\/\/www.wundersee-sprachen.de\/\"},{\"@type\":\"ListItem\",\"position\":2,\"name\":\"Aktuelles\"}]},{\"@type\":\"WebSite\",\"@id\":\"https:\/\/www.wundersee-sprachen.de\/#website\",\"url\":\"https:\/\/www.wundersee-sprachen.de\/\",\"name\":\"Wundersee Sprachen: Sprachkurse und \u00dcbersetzungen\",\"description\":\"Wir bieten Sprachkurse online und vor Ort in Englisch, Deutsch und Franz\u00f6sisch, sowie professionelle \u00dcbersetzung in und aus fast allen Sprachen, z. B. Englisch, Franz\u00f6sisch, Spanisch, Russisch, Deutsch, Polnisch, Chinesisch... Sagen Sie uns was Sie ben\u00f6tigen, wir k\u00fcmmern uns darum - professionell und zeitnah.\",\"publisher\":{\"@id\":\"https:\/\/www.wundersee-sprachen.de\/#organization\"},\"potentialAction\":[{\"@type\":\"SearchAction\",\"target\":{\"@type\":\"EntryPoint\",\"urlTemplate\":\"https:\/\/www.wundersee-sprachen.de\/?s={search_term_string}\"},\"query-input\":{\"@type\":\"PropertyValueSpecification\",\"valueRequired\":true,\"valueName\":\"search_term_string\"}}],\"inLanguage\":\"en-US\"},{\"@type\":\"Organization\",\"@id\":\"https:\/\/www.wundersee-sprachen.de\/#organization\",\"name\":\"El Gawish Sprachen\",\"url\":\"https:\/\/www.wundersee-sprachen.de\/\",\"logo\":{\"@type\":\"ImageObject\",\"inLanguage\":\"en-US\",\"@id\":\"https:\/\/www.wundersee-sprachen.de\/#\/schema\/logo\/image\/\",\"url\":\"https:\/\/www.wundersee-sprachen.de\/wp-content\/uploads\/2019\/10\/logo.png\",\"contentUrl\":\"https:\/\/www.wundersee-sprachen.de\/wp-content\/uploads\/2019\/10\/logo.png\",\"width\":460,\"height\":170,\"caption\":\"El Gawish Sprachen\"},\"image\":{\"@id\":\"https:\/\/www.wundersee-sprachen.de\/#\/schema\/logo\/image\/\"},\"sameAs\":[\"https:\/\/www.facebook.com\/elgawish.sprachen\/\",\"https:\/\/www.instagram.com\/elgawish.sprachen\/\",\"https:\/\/www.linkedin.com\/in\/hoda-gawish-89a17918\"]}]}<\/script>\n<!-- \/ Yoast SEO plugin. -->","yoast_head_json":{"title":"Aktuelles - Wundersee Sprachen: Sprachkurse und \u00dcbersetzungen","robots":{"index":"index","follow":"follow","max-snippet":"max-snippet:-1","max-image-preview":"max-image-preview:large","max-video-preview":"max-video-preview:-1"},"canonical":"https:\/\/www.wundersee-sprachen.de\/aktuelles-2\/","og_locale":"en_US","og_type":"article","og_title":"Aktuelles - Wundersee Sprachen: Sprachkurse und \u00dcbersetzungen","og_url":"https:\/\/www.wundersee-sprachen.de\/aktuelles-2\/","og_site_name":"Wundersee Sprachen: Sprachkurse und \u00dcbersetzungen","article_publisher":"https:\/\/www.facebook.com\/elgawish.sprachen\/","article_modified_time":"2021-10-01T14:43:53+00:00","og_image":[{"url":"https:\/\/www.wundersee-sprachen.de\/wp-content\/uploads\/2020\/06\/item-2.jpg","type":"","width":"","height":""}],"twitter_card":"summary_large_image","twitter_misc":{"Est. reading time":"1 minute"},"schema":{"@context":"https:\/\/schema.org","@graph":[{"@type":"WebPage","@id":"https:\/\/www.wundersee-sprachen.de\/aktuelles-2\/","url":"https:\/\/www.wundersee-sprachen.de\/aktuelles-2\/","name":"Aktuelles - Wundersee Sprachen: Sprachkurse und \u00dcbersetzungen","isPartOf":{"@id":"https:\/\/www.wundersee-sprachen.de\/#website"},"primaryImageOfPage":{"@id":"https:\/\/www.wundersee-sprachen.de\/aktuelles-2\/#primaryimage"},"image":{"@id":"https:\/\/www.wundersee-sprachen.de\/aktuelles-2\/#primaryimage"},"thumbnailUrl":"https:\/\/www.wundersee-sprachen.de\/wp-content\/uploads\/2020\/06\/item-2.jpg","datePublished":"2020-06-17T12:48:08+00:00","dateModified":"2021-10-01T14:43:53+00:00","breadcrumb":{"@id":"https:\/\/www.wundersee-sprachen.de\/aktuelles-2\/#breadcrumb"},"inLanguage":"en-US","potentialAction":[{"@type":"ReadAction","target":["https:\/\/www.wundersee-sprachen.de\/aktuelles-2\/"]}]},{"@type":"ImageObject","inLanguage":"en-US","@id":"https:\/\/www.wundersee-sprachen.de\/aktuelles-2\/#primaryimage","url":"https:\/\/www.wundersee-sprachen.de\/wp-content\/uploads\/2020\/06\/item-2.jpg","contentUrl":"https:\/\/www.wundersee-sprachen.de\/wp-content\/uploads\/2020\/06\/item-2.jpg"},{"@type":"BreadcrumbList","@id":"https:\/\/www.wundersee-sprachen.de\/aktuelles-2\/#breadcrumb","itemListElement":[{"@type":"ListItem","position":1,"name":"Home","item":"https:\/\/www.wundersee-sprachen.de\/"},{"@type":"ListItem","position":2,"name":"Aktuelles"}]},{"@type":"WebSite","@id":"https:\/\/www.wundersee-sprachen.de\/#website","url":"https:\/\/www.wundersee-sprachen.de\/","name":"Wundersee Sprachen: Sprachkurse und \u00dcbersetzungen","description":"Wir bieten Sprachkurse online und vor Ort in Englisch, Deutsch und Franz\u00f6sisch, sowie professionelle \u00dcbersetzung in und aus fast allen Sprachen, z. B. Englisch, Franz\u00f6sisch, Spanisch, Russisch, Deutsch, Polnisch, Chinesisch... Sagen Sie uns was Sie ben\u00f6tigen, wir k\u00fcmmern uns darum - professionell und zeitnah.","publisher":{"@id":"https:\/\/www.wundersee-sprachen.de\/#organization"},"potentialAction":[{"@type":"SearchAction","target":{"@type":"EntryPoint","urlTemplate":"https:\/\/www.wundersee-sprachen.de\/?s={search_term_string}"},"query-input":{"@type":"PropertyValueSpecification","valueRequired":true,"valueName":"search_term_string"}}],"inLanguage":"en-US"},{"@type":"Organization","@id":"https:\/\/www.wundersee-sprachen.de\/#organization","name":"El Gawish Sprachen","url":"https:\/\/www.wundersee-sprachen.de\/","logo":{"@type":"ImageObject","inLanguage":"en-US","@id":"https:\/\/www.wundersee-sprachen.de\/#\/schema\/logo\/image\/","url":"https:\/\/www.wundersee-sprachen.de\/wp-content\/uploads\/2019\/10\/logo.png","contentUrl":"https:\/\/www.wundersee-sprachen.de\/wp-content\/uploads\/2019\/10\/logo.png","width":460,"height":170,"caption":"El Gawish Sprachen"},"image":{"@id":"https:\/\/www.wundersee-sprachen.de\/#\/schema\/logo\/image\/"},"sameAs":["https:\/\/www.facebook.com\/elgawish.sprachen\/","https:\/\/www.instagram.com\/elgawish.sprachen\/","https:\/\/www.linkedin.com\/in\/hoda-gawish-89a17918"]}]}},"uagb_featured_image_src":{"full":false,"thumbnail":false,"medium":false,"medium_large":false,"large":false,"1536x1536":false,"2048x2048":false,"awsm_team":false},"uagb_author_info":{"display_name":"LeadAgentur","author_link":"https:\/\/www.wundersee-sprachen.de\/en\/author\/leadagentur\/"},"uagb_comment_info":0,"uagb_excerpt":null,"_links":{"self":[{"href":"https:\/\/www.wundersee-sprachen.de\/en\/wp-json\/wp\/v2\/pages\/2593","targetHints":{"allow":["GET"]}}],"collection":[{"href":"https:\/\/www.wundersee-sprachen.de\/en\/wp-json\/wp\/v2\/pages"}],"about":[{"href":"https:\/\/www.wundersee-sprachen.de\/en\/wp-json\/wp\/v2\/types\/page"}],"author":[{"embeddable":true,"href":"https:\/\/www.wundersee-sprachen.de\/en\/wp-json\/wp\/v2\/users\/8"}],"replies":[{"embeddable":true,"href":"https:\/\/www.wundersee-sprachen.de\/en\/wp-json\/wp\/v2\/comments?post=2593"}],"version-history":[{"count":12,"href":"https:\/\/www.wundersee-sprachen.de\/en\/wp-json\/wp\/v2\/pages\/2593\/revisions"}],"predecessor-version":[{"id":2747,"href":"https:\/\/www.wundersee-sprachen.de\/en\/wp-json\/wp\/v2\/pages\/2593\/revisions\/2747"}],"wp:attachment":[{"href":"https:\/\/www.wundersee-sprachen.de\/en\/wp-json\/wp\/v2\/media?parent=2593"}],"curies":[{"name":"wp","href":"https:\/\/api.w.org\/{rel}","templated":true}]}}