{"id":2772,"date":"2022-02-01T12:57:59","date_gmt":"2022-02-01T12:57:59","guid":{"rendered":"https:\/\/www.wundersee-sprachen.de\/?page_id=2772"},"modified":"2022-02-01T12:58:00","modified_gmt":"2022-02-01T12:58:00","slug":"italienisch","status":"publish","type":"page","link":"https:\/\/www.wundersee-sprachen.de\/en\/sprachkurse\/sprachkurse-online\/italienisch\/","title":{"rendered":"Italienisch"},"content":{"rendered":"<div class=\"gb-container gb-container-c1be5ae3\"><div class=\"gb-inside-container\">\n\n<div id=\"a9-parent-iframe\" data-src=\"https:\/\/www.gymglish.com\/partner\/uhwnxzevlw\/52208\/iframe\"><\/div>\n\n    <script>\n\n        (function(){\n\n            var js = document.createElement('script');\n\n            js.type='text\/javascript';\n\n            js.src='https:\/\/www.gymglish.com\/static\/scripts\/partner-iframe.min.js';\n\n            var s = document.getElementsByTagName('script')[0];\n\n            s.parentNode.insertBefore(js, s);\n\n        })();\n\n    <\/script>\n\n<\/div><\/div>","protected":false},"excerpt":{"rendered":"","protected":false},"author":8,"featured_media":0,"parent":2481,"menu_order":0,"comment_status":"closed","ping_status":"closed","template":"","meta":{"_uag_custom_page_level_css":"","footnotes":""},"class_list":["post-2772","page","type-page","status-publish"],"translation":{"provider":"WPGlobus","version":"3.0.2","language":"en","enabled_languages":["de","en"],"languages":{"de":{"title":true,"content":true,"excerpt":false},"en":{"title":false,"content":false,"excerpt":false}}},"yoast_head":"<!-- This site is optimized with the Yoast SEO plugin v26.8 - https:\/\/yoast.com\/product\/yoast-seo-wordpress\/ -->\n<title>Business Englisch | El Gawish Sprachschule und Online Sprachkurse<\/title>\n<meta name=\"robots\" content=\"index, follow, max-snippet:-1, max-image-preview:large, max-video-preview:-1\" \/>\n<link rel=\"canonical\" href=\"https:\/\/www.wundersee-sprachen.de\/sprachkurse\/sprachkurse-online\/italienisch\/\" \/>\n<meta property=\"og:locale\" content=\"en_US\" \/>\n<meta property=\"og:type\" content=\"article\" \/>\n<meta property=\"og:title\" content=\"Italienisch - Wundersee Sprachen: Sprachkurse und \u00dcbersetzungen\" \/>\n<meta property=\"og:url\" content=\"https:\/\/www.wundersee-sprachen.de\/sprachkurse\/sprachkurse-online\/italienisch\/\" \/>\n<meta property=\"og:site_name\" content=\"Wundersee Sprachen: Sprachkurse und \u00dcbersetzungen\" \/>\n<meta property=\"article:publisher\" content=\"https:\/\/www.facebook.com\/elgawish.sprachen\/\" \/>\n<meta property=\"article:modified_time\" content=\"2022-02-01T12:58:00+00:00\" \/>\n<meta name=\"twitter:card\" content=\"summary_large_image\" \/>\n<meta name=\"twitter:label1\" content=\"Est. reading time\" \/>\n\t<meta name=\"twitter:data1\" content=\"1 minute\" \/>\n<script type=\"application\/ld+json\" class=\"yoast-schema-graph\">{\"@context\":\"https:\/\/schema.org\",\"@graph\":[{\"@type\":\"WebPage\",\"@id\":\"https:\/\/www.wundersee-sprachen.de\/sprachkurse\/sprachkurse-online\/italienisch\/\",\"url\":\"https:\/\/www.wundersee-sprachen.de\/sprachkurse\/sprachkurse-online\/italienisch\/\",\"name\":\"Business Englisch | El Gawish Sprachschule und Online Sprachkurse\",\"isPartOf\":{\"@id\":\"https:\/\/www.wundersee-sprachen.de\/#website\"},\"datePublished\":\"2022-02-01T12:57:59+00:00\",\"dateModified\":\"2022-02-01T12:58:00+00:00\",\"description\":\"Business Englisch f\u00fcr Unternehmen, Teams, F\u00fchrungskr\u00e4fte. Verhandlungssicher Englisch lernen mit El Gawish Sprachschule. Wir bieten Online Sprachkurse an.\",\"breadcrumb\":{\"@id\":\"https:\/\/www.wundersee-sprachen.de\/sprachkurse\/sprachkurse-online\/italienisch\/#breadcrumb\"},\"inLanguage\":\"en-US\",\"potentialAction\":[{\"@type\":\"ReadAction\",\"target\":[\"https:\/\/www.wundersee-sprachen.de\/sprachkurse\/sprachkurse-online\/italienisch\/\"]}]},{\"@type\":\"BreadcrumbList\",\"@id\":\"https:\/\/www.wundersee-sprachen.de\/sprachkurse\/sprachkurse-online\/italienisch\/#breadcrumb\",\"itemListElement\":[{\"@type\":\"ListItem\",\"position\":1,\"name\":\"Home\",\"item\":\"https:\/\/www.wundersee-sprachen.de\/\"},{\"@type\":\"ListItem\",\"position\":2,\"name\":\"Sprachkurse\",\"item\":\"https:\/\/www.wundersee-sprachen.de\/sprachkurse\/\"},{\"@type\":\"ListItem\",\"position\":3,\"name\":\"Sprachkurse online\",\"item\":\"https:\/\/www.wundersee-sprachen.de\/sprachkurse\/sprachkurse-online\/\"},{\"@type\":\"ListItem\",\"position\":4,\"name\":\"Italienisch\"}]},{\"@type\":\"WebSite\",\"@id\":\"https:\/\/www.wundersee-sprachen.de\/#website\",\"url\":\"https:\/\/www.wundersee-sprachen.de\/\",\"name\":\"Wundersee Sprachen: Sprachkurse und \u00dcbersetzungen\",\"description\":\"Wir bieten Sprachkurse online und vor Ort in Englisch, Deutsch und Franz\u00f6sisch, sowie professionelle \u00dcbersetzung in und aus fast allen Sprachen, z. B. Englisch, Franz\u00f6sisch, Spanisch, Russisch, Deutsch, Polnisch, Chinesisch... Sagen Sie uns was Sie ben\u00f6tigen, wir k\u00fcmmern uns darum - professionell und zeitnah.\",\"publisher\":{\"@id\":\"https:\/\/www.wundersee-sprachen.de\/#organization\"},\"potentialAction\":[{\"@type\":\"SearchAction\",\"target\":{\"@type\":\"EntryPoint\",\"urlTemplate\":\"https:\/\/www.wundersee-sprachen.de\/?s={search_term_string}\"},\"query-input\":{\"@type\":\"PropertyValueSpecification\",\"valueRequired\":true,\"valueName\":\"search_term_string\"}}],\"inLanguage\":\"en-US\"},{\"@type\":\"Organization\",\"@id\":\"https:\/\/www.wundersee-sprachen.de\/#organization\",\"name\":\"El Gawish Sprachen\",\"url\":\"https:\/\/www.wundersee-sprachen.de\/\",\"logo\":{\"@type\":\"ImageObject\",\"inLanguage\":\"en-US\",\"@id\":\"https:\/\/www.wundersee-sprachen.de\/#\/schema\/logo\/image\/\",\"url\":\"https:\/\/www.wundersee-sprachen.de\/wp-content\/uploads\/2019\/10\/logo.png\",\"contentUrl\":\"https:\/\/www.wundersee-sprachen.de\/wp-content\/uploads\/2019\/10\/logo.png\",\"width\":460,\"height\":170,\"caption\":\"El Gawish Sprachen\"},\"image\":{\"@id\":\"https:\/\/www.wundersee-sprachen.de\/#\/schema\/logo\/image\/\"},\"sameAs\":[\"https:\/\/www.facebook.com\/elgawish.sprachen\/\",\"https:\/\/www.instagram.com\/elgawish.sprachen\/\",\"https:\/\/www.linkedin.com\/in\/hoda-gawish-89a17918\"]}]}<\/script>\n<!-- \/ Yoast SEO plugin. -->","yoast_head_json":{"title":"Business Englisch | El Gawish Sprachschule und Online Sprachkurse","robots":{"index":"index","follow":"follow","max-snippet":"max-snippet:-1","max-image-preview":"max-image-preview:large","max-video-preview":"max-video-preview:-1"},"canonical":"https:\/\/www.wundersee-sprachen.de\/sprachkurse\/sprachkurse-online\/italienisch\/","og_locale":"en_US","og_type":"article","og_title":"Italienisch - Wundersee Sprachen: Sprachkurse und \u00dcbersetzungen","og_url":"https:\/\/www.wundersee-sprachen.de\/sprachkurse\/sprachkurse-online\/italienisch\/","og_site_name":"Wundersee Sprachen: Sprachkurse und \u00dcbersetzungen","article_publisher":"https:\/\/www.facebook.com\/elgawish.sprachen\/","article_modified_time":"2022-02-01T12:58:00+00:00","twitter_card":"summary_large_image","twitter_misc":{"Est. reading time":"1 minute"},"schema":{"@context":"https:\/\/schema.org","@graph":[{"@type":"WebPage","@id":"https:\/\/www.wundersee-sprachen.de\/sprachkurse\/sprachkurse-online\/italienisch\/","url":"https:\/\/www.wundersee-sprachen.de\/sprachkurse\/sprachkurse-online\/italienisch\/","name":"Business Englisch | El Gawish Sprachschule und Online Sprachkurse","isPartOf":{"@id":"https:\/\/www.wundersee-sprachen.de\/#website"},"datePublished":"2022-02-01T12:57:59+00:00","dateModified":"2022-02-01T12:58:00+00:00","description":"Business Englisch f\u00fcr Unternehmen, Teams, F\u00fchrungskr\u00e4fte. Verhandlungssicher Englisch lernen mit El Gawish Sprachschule. Wir bieten Online Sprachkurse an.","breadcrumb":{"@id":"https:\/\/www.wundersee-sprachen.de\/sprachkurse\/sprachkurse-online\/italienisch\/#breadcrumb"},"inLanguage":"en-US","potentialAction":[{"@type":"ReadAction","target":["https:\/\/www.wundersee-sprachen.de\/sprachkurse\/sprachkurse-online\/italienisch\/"]}]},{"@type":"BreadcrumbList","@id":"https:\/\/www.wundersee-sprachen.de\/sprachkurse\/sprachkurse-online\/italienisch\/#breadcrumb","itemListElement":[{"@type":"ListItem","position":1,"name":"Home","item":"https:\/\/www.wundersee-sprachen.de\/"},{"@type":"ListItem","position":2,"name":"Sprachkurse","item":"https:\/\/www.wundersee-sprachen.de\/sprachkurse\/"},{"@type":"ListItem","position":3,"name":"Sprachkurse online","item":"https:\/\/www.wundersee-sprachen.de\/sprachkurse\/sprachkurse-online\/"},{"@type":"ListItem","position":4,"name":"Italienisch"}]},{"@type":"WebSite","@id":"https:\/\/www.wundersee-sprachen.de\/#website","url":"https:\/\/www.wundersee-sprachen.de\/","name":"Wundersee Sprachen: Sprachkurse und \u00dcbersetzungen","description":"Wir bieten Sprachkurse online und vor Ort in Englisch, Deutsch und Franz\u00f6sisch, sowie professionelle \u00dcbersetzung in und aus fast allen Sprachen, z. B. Englisch, Franz\u00f6sisch, Spanisch, Russisch, Deutsch, Polnisch, Chinesisch... Sagen Sie uns was Sie ben\u00f6tigen, wir k\u00fcmmern uns darum - professionell und zeitnah.","publisher":{"@id":"https:\/\/www.wundersee-sprachen.de\/#organization"},"potentialAction":[{"@type":"SearchAction","target":{"@type":"EntryPoint","urlTemplate":"https:\/\/www.wundersee-sprachen.de\/?s={search_term_string}"},"query-input":{"@type":"PropertyValueSpecification","valueRequired":true,"valueName":"search_term_string"}}],"inLanguage":"en-US"},{"@type":"Organization","@id":"https:\/\/www.wundersee-sprachen.de\/#organization","name":"El Gawish Sprachen","url":"https:\/\/www.wundersee-sprachen.de\/","logo":{"@type":"ImageObject","inLanguage":"en-US","@id":"https:\/\/www.wundersee-sprachen.de\/#\/schema\/logo\/image\/","url":"https:\/\/www.wundersee-sprachen.de\/wp-content\/uploads\/2019\/10\/logo.png","contentUrl":"https:\/\/www.wundersee-sprachen.de\/wp-content\/uploads\/2019\/10\/logo.png","width":460,"height":170,"caption":"El Gawish Sprachen"},"image":{"@id":"https:\/\/www.wundersee-sprachen.de\/#\/schema\/logo\/image\/"},"sameAs":["https:\/\/www.facebook.com\/elgawish.sprachen\/","https:\/\/www.instagram.com\/elgawish.sprachen\/","https:\/\/www.linkedin.com\/in\/hoda-gawish-89a17918"]}]}},"uagb_featured_image_src":{"full":false,"thumbnail":false,"medium":false,"medium_large":false,"large":false,"1536x1536":false,"2048x2048":false,"awsm_team":false},"uagb_author_info":{"display_name":"LeadAgentur","author_link":"https:\/\/www.wundersee-sprachen.de\/en\/author\/leadagentur\/"},"uagb_comment_info":0,"uagb_excerpt":null,"_links":{"self":[{"href":"https:\/\/www.wundersee-sprachen.de\/en\/wp-json\/wp\/v2\/pages\/2772","targetHints":{"allow":["GET"]}}],"collection":[{"href":"https:\/\/www.wundersee-sprachen.de\/en\/wp-json\/wp\/v2\/pages"}],"about":[{"href":"https:\/\/www.wundersee-sprachen.de\/en\/wp-json\/wp\/v2\/types\/page"}],"author":[{"embeddable":true,"href":"https:\/\/www.wundersee-sprachen.de\/en\/wp-json\/wp\/v2\/users\/8"}],"replies":[{"embeddable":true,"href":"https:\/\/www.wundersee-sprachen.de\/en\/wp-json\/wp\/v2\/comments?post=2772"}],"version-history":[{"count":1,"href":"https:\/\/www.wundersee-sprachen.de\/en\/wp-json\/wp\/v2\/pages\/2772\/revisions"}],"predecessor-version":[{"id":2773,"href":"https:\/\/www.wundersee-sprachen.de\/en\/wp-json\/wp\/v2\/pages\/2772\/revisions\/2773"}],"up":[{"embeddable":true,"href":"https:\/\/www.wundersee-sprachen.de\/en\/wp-json\/wp\/v2\/pages\/2481"}],"wp:attachment":[{"href":"https:\/\/www.wundersee-sprachen.de\/en\/wp-json\/wp\/v2\/media?parent=2772"}],"curies":[{"name":"wp","href":"https:\/\/api.w.org\/{rel}","templated":true}]}}